{"id":666,"date":"2016-11-06T22:32:40","date_gmt":"2016-11-06T20:32:40","guid":{"rendered":"http:\/\/www.jyvaskylanvalo.net\/?page_id=666"},"modified":"2017-01-01T20:02:04","modified_gmt":"2017-01-01T18:02:04","slug":"kesa-2016","status":"publish","type":"page","link":"https:\/\/www.jyvaskylanvalo.net\/?page_id=666","title":{"rendered":"Tulokset 2016"},"content":{"rendered":"<p><strong> Petanque SM-ammuntakisa H\u00e4meenlinnassa 12.11.2016<\/strong><br \/>\nYleinen sarja, jossa 27 kilpailijaa ja karsinnan kahdeksan parasta selvityi mitalipeleihin.<\/p>\n<p>Tulokset:<br \/>\n1.Lindman Seppo (LOI)<br \/>\n2.Foussier Thomas (HBY)<br \/>\n3.Rinkkala Pertti (KVP)<br \/>\n&#8230;<br \/>\n14.Karttunen Vesa (Valo)<\/p>\n<p><strong>VALON KES\u00c4 2016 PETANKKITAPAHTUMIA <\/strong><\/p>\n<p>Kes\u00e4n aikana seurasta osallistuttiin kolmiin petankki SM-kisoihin:<\/p>\n<ul>\n<li><a href=\"#sm-kisa1\">SEURA-SM 2016 21.5.2016 Eurassa, j\u00e4rjest\u00e4j\u00e4 Euran Raiku<\/a><\/li>\n<li><a href=\"#sm-kisa2\">SEKATRIPPELI SM-kisat 19.6. Kouvolassa, j\u00e4rjest\u00e4j\u00e4 Petanque Kouvola ry<\/a><\/li>\n<li><a href=\"#sm-kisa3\">SM-kisaviikko Haminassa 4.-9.7. Hamina Bastionin areenalla<\/a><\/li>\n<\/ul>\n<p>Lis\u00e4tietoa kisoista ja tuloksista l\u00f6ytyy <a href=\"http:\/\/www.petanque.fi\">t\u00e4\u00e4lt\u00e4<\/a><\/p>\n<p>SM-kisojen lis\u00e4ksi kes\u00e4ll\u00e4 pelattiin seuraavat kilpailut:<\/p>\n<ul>\n<li><a href=\"#kisa1\">SEURAN OMAT PETANKKIKISAT 30.-31.7.<\/a><\/li>\n<li><a href=\"#kisa2\">TUL VETERAANIP\u00c4IV\u00c4T 30.-31.5.<\/a><\/li>\n<li><a href=\"#kisa3\">TUL MESTARUUSDUPPELIT 13.8.<\/a><\/li>\n<li><a href=\"#kisa4\">TUL J\u00c4RVI-SUOMI 24.9.<\/a><\/li>\n<\/ul>\n<p><strong>KUTSUKISAT HARTOLA<\/strong><br \/>\nKutsukisoista Hartolasta irtosi voitto hein\u00e4kuussa, joista kuvia galleriassa. Esimerkillisen hienosti alan harrastajien j\u00e4rjest\u00e4m\u00e4 tapahtuma.<\/p>\n<p><strong><a name=\"sm-kisa1\"><\/a> SEURA-SM 2016 21.5.2016 <\/strong><br \/>\nSeura-SM-kilpailut j\u00e4rjestettiin 21.5.2016 Eurassa ja j\u00e4rjest\u00e4j\u00e4n\u00e4 toimi Euran Raiku.<\/p>\n<p>Tulokset:<br \/>\n1. Petanque Sport Club J\u00e4rvenp\u00e4\u00e4 (Veiko Proos, Juha-Pekka Siro, Arttu Poikolainen, Toni Ikonen, Mikael Paakkanen, Iivo Paaso, Miikka Kouvonen)<br \/>\n2. Riemukaari, K\u00e4rk\u00f6l\u00e4 (Jari Eronen, Antti Lehtonen, Petri Sepp\u00e4, Pia Anttonen, Mikko Lehti, Jussi Lehti, Satu Lehtonen, Petri Lohman)<br \/>\n3. Loimaan Petanque 1 (Seppo Lindman, Seija Uusitalo, Arto Stenberg, Harri Lehtinen, Pirjo Kivinen, Markku Nieminen, Eero Ravantti)<br \/>\n&#8230;<br \/>\n9. Jyv\u00e4skyl\u00e4n Valo (Vesa Karttunen, Joni Ylel\u00e4, Alpi Kylm\u00e4nen, Pekka L\u00e4hteel\u00e4, Unto R\u00e4s\u00e4nen, Matti Manninen, Juha Karppanen, Jyrki Karppanen)<\/p>\n<p><strong><a name=\"sm-kisa2\"><\/a> SEKATRIPPELI SM-kisat 19.6 <\/strong><br \/>\nSekatrippelin SM-kisat j\u00e4rjestettiin 19.6.2016 Kouvolassa ja j\u00e4rjest\u00e4j\u00e4n\u00e4 toimi Petanque Kouvola.<\/p>\n<p>Tulokset kierroksen 3 j\u00e4lkeen. 19.6.2016 14.39.50<br \/>\nSij. Joukkue V B1 +- + &#8211;<br \/>\n1. Petri Sepp\u00e4\/Pia Anttonen\/Simo Linteri 3 5 29 39 10<br \/>\n2. Salla Kalliosalo\/Mikko Kamppuri\/Ville Punta 3 5 19 39 20<br \/>\n3. Seija Uusitalo\/Seppo Lindman\/Arto Stenberg 3 5 16 36 20<br \/>\n&#8230;<br \/>\n28. Juha Karppanen\/Jyrki Karppanen\/Riitta J\u00e4ms\u00e4 3 -14 24 38<\/p>\n<p><strong><a name=\"sm-kisa3\"><\/a> SM-kisaviikko 4.-9.7.2016 <\/strong><br \/>\nSM-kisaviikko Haminassa 4.-9.7. Hamina Bastionin areenalla<\/p>\n<p>SM2016 YLEINEN DUPPELI<br \/>\nSij. Joukkue V B1 +- + &#8211;<br \/>\n1. Petri Sepp\u00e4 Jari Eronen (RIE) 5 17 38 65 27<br \/>\n2. Seppo Lindman Anssi Viinikainen (LOI HBY)5 16 44 65 21<br \/>\n3. Jaakko Kimari\/ Heikki Pyrh\u00f6nen (MPC) 4 18 22 60 38<br \/>\n&#8230;<br \/>\n32. Juha Karppanen\/ Joni Ylel\u00e4 (JYV) 2 14 -2 45 47<\/p>\n<p>SM2016 YLEINEN TRIPPELI<\/p>\n<p>Tulokset kierroksen 3 j\u00e4lkeen. 9.7.2016 14.03.37<br \/>\nSij. Joukkue V B1 +- + &#8211;<br \/>\n1. Jari Eronen\/ Simo Linteri \/Tuukka Yl\u00f6nen 3 6 17 39 22<br \/>\n2. Marko Aalto\/Petri Sepp\u00e4\/Mikko Lehti 3 5 29 39 10<br \/>\n3. Kimmo Parviainen Jari Peltosola Jouko Haajanen 3 5 10 38 28<br \/>\n&#8230;<br \/>\n30. Juha Karppanen Joni Ylel\u00e4 Jyrki Karppanen 0 4 -15 24 39<\/p>\n<p>Lis\u00e4tietoa kisoista ja tuloksista l\u00f6ytyy <a href=\"http:\/\/www.petanque.fi\/\">http:\/\/www.petanque.fi\/<\/a>.<\/p>\n<p><strong><a name=\"kisa1\"><\/a>SEURAN OMAT PETANKKIKISAT<\/strong><br \/>\nSeuran omat petankkikisat pelattiin aurinkoisissa merkeiss\u00e4 30.-31.7.2016 Yrttisuon kent\u00e4ll\u00e4<\/p>\n<p>Singeli:<br \/>\n1. Pertti Reivil\u00e4<br \/>\n2. Joni Ylel\u00e4<br \/>\n3. Alpi Kylm\u00e4nen<br \/>\n4. Helin\u00e4 Vornanen-Mets\u00e4<br \/>\n5. Jyrki Karppanen<br \/>\n6. Riitta J\u00e4ms\u00e4<br \/>\n7. Kauko Honkanen<br \/>\n8. Esa Maukonen<br \/>\n9. Juha Karppanen<br \/>\n10. Unto R\u00e4s\u00e4nen<br \/>\n11. Arto Poikolainen<br \/>\n12. Pentti Kauppinen<\/p>\n<p>Duppeli:<br \/>\n1. Alpi Kylm\u00e4nen-Pertti Reivil\u00e4<br \/>\n2. Pekka L\u00e4hteel\u00e4-Jyrki Karppanen<br \/>\n3. Pentti Kauppinen-Unto R\u00e4s\u00e4nen<br \/>\n4. Riitta J\u00e4ms\u00e4-Juha Karppanen<br \/>\n5. Arto Poikolainen-Esa Maukonen<br \/>\n6. Helin\u00e4 Vornanen-Mets\u00e4-Kauko Honkanen<\/p>\n<p><strong><a name=\"kisa2\"><\/a>TUL VETERAANIP\u00c4IV\u00c4T<\/strong><br \/>\nTUL:n Veteraanip\u00e4iv\u00e4t pelattiin 30.-31.5.2016 Hovinpellon kent\u00e4ll\u00e4 Lappeenrannassa, joista kuvia kuvagalleriassa.<br \/>\nJoukkueita osallistui kaikkiaan kahteen sarjaan 63.<\/p>\n<p>Veteraanip\u00e4ivien ohjelmassa oli TUL:n veteraanien petankki-mestaruuskilpailut ja avoimet TUL:n veteraanien boccia mestaruuskilpailut. Kilpailujen lis\u00e4ksi p\u00e4\u00e4simme ihailemaan linnoituksen upeita maisemia ja n\u00e4ht\u00e4vyyksi\u00e4. Linkopalloonkin tutustuttiin samalla k\u00e4ynnill\u00e4, josta Pekka L\u00e4hteel\u00e4 nappasi mitalin.<\/p>\n<p>Veteraanip\u00e4iv\u00e4t Lappeenranta 30.-31.5.2016 Miehet<br \/>\n1. Sintero, Moilanen ja Koivunen Karhupetankki,<br \/>\n2. J\u00e4rvisalo, Ukkola ja P\u00f6ntinen Voikkaan Viesti<br \/>\n3. Tiihonen, Andreev ja M\u00e4kel\u00e4 Voikkaan Viesti<br \/>\n4. Myllyl\u00e4, Nieminen ja Rantanen Uotilan Ty\u00f6v\u00e4en Urheilijat<br \/>\n5. Kylm\u00e4nen, Mets\u00e4 ja L\u00e4hteel\u00e4 Jyv\u00e4skyl\u00e4n Valo<br \/>\n6. K\u00e4h\u00e4r\u00e4, Vakkari ja Hokkanen Karhupetankki<br \/>\n&#8212;<br \/>\n14. R\u00e4s\u00e4nen, Kauppinen ja Kosunen Jyv\u00e4skyl\u00e4n Valo<br \/>\n35. C3. Maukonen, Pennanen ja Koski Jyv\u00e4skyl\u00e4n Valo<\/p>\n<p>Veteraanip\u00e4iv\u00e4t Lappeenranta 30.-31.5.2016 Naiset<br \/>\n1. Laine ja Saarinen Kalvolan Isku<br \/>\n2. Jokela ja Nikulainen Lepp\u00e4vaaran SiSu<br \/>\n3. Kiiveri ja Pietil\u00e4 Karkkilan Urheilijat<br \/>\n4. Salonen ja Suutala Lepp\u00e4vaaran SiSu<br \/>\n5. J\u00e4rvisalo ja Ojonen Voikkaan Viesti<br \/>\n&#8212;-<br \/>\n10. B2. J\u00e4ms\u00e4 ja Koski Jyv\u00e4skyl\u00e4n Valo<\/p>\n<p><strong><a name=\"kisa3\"><\/a>TUL MESTARUUSDUPPELIT<\/strong><br \/>\nTUL:n mestaruusduppelit pelattiin 13.8.2016 Karkkilan Tiilitehtaan kent\u00e4ll\u00e4. Joukkueita osallistui kaikkiaan kahteen sarjaan 65 kpl.<br \/>\nJ\u00e4rjest\u00e4v\u00e4 seura Karkkilan Urheilijat. Alkukierroksilla pelattiin kummassakin sarjassa 4 swiss kierrosta ja jatkocupit t\u00e4m\u00e4n p\u00e4\u00e4lle, yleinen A, B, C ja D ja naisissa A ja B.<\/p>\n<p>Pelit pelattiin aikapelein\u00e4 ja liek\u00f6 tarkka pelaaminen sek\u00e4 s\u00e4\u00e4n pehment\u00e4m\u00e4t kent\u00e4t vaikuttanut siihen, ett\u00e4 reilun tunnin pelikierrokset ennakkosuunnitelmissa piteniv\u00e4t yli puoleksitoista tunniksi ja t\u00e4m\u00e4 aiheutti aikataulussa parin tunnin viiv\u00e4stym\u00e4n. Loppupelit pelattiinkin melko pimeiss\u00e4 olosuhteissa taskulamppujen avittamana. Silti mestarit saatiin t\u00e4n\u00e4kin vuonna selville.<\/p>\n<p>Yleinen Sarja (YD)(51)<\/p>\n<p>A-Sarja<br \/>\n1. Teuvo Pajuoja ja Harry Uschanov Kalvolan Isku<br \/>\n2. Tiia Salo ja Petri Taipalvesi Karkkilan Urheilijat<br \/>\n3. Mikko Lahti ja Petri Lohman J\u00e4rvel\u00e4n J\u00e4nne\/Voikkaan Viesti<br \/>\n4. Timo P\u00f6ntinen ja Risto Ukkola Voikkaan Viesti<br \/>\n9.-16. Joni Ylel\u00e4 ja Vesa Karttunen Jyv\u00e4skyl\u00e4n Valo<\/p>\n<p>B-Sarja<br \/>\n1. Heimo Urhonen ja Janne Rytk\u00f6nen Kemi Petankki<br \/>\n2. Jouko Meuronen ja Kalevi Viskari Taipalsaaren Riento<br \/>\n3. Pekka Kaihevaara ja Raimo Monto Linnan Petanquistit<br \/>\n4. Kalevi Lehtinen ja Urpo Vinnari Linnan Petanquistit<br \/>\n5.-8. Rauno Kakkonen ja Jyrki Karppanen Jyv\u00e4skyl\u00e4n Valo<\/p>\n<p>C-Sarja<br \/>\n1. Reijo Kokkonen ja Olavi Niskanen Kemi Petankki<br \/>\n2. Kari Hanhisuanto ja Antero Sepp\u00e4l\u00e4 Kemi Petankki<br \/>\n3. Juhani Tolvanen ja Matti Sissala Kemi Petankki<br \/>\n4. Kimmo Tuovinen ja Markku Hurri MAP-Raime<\/p>\n<p>D-Sarja<br \/>\n1. Paula Kiiveri ja Erkki Saarinen Karkkilan Urheilijat<br \/>\n2. Jarmo Vuolanen ja Alpo Viljanmaa Korson Kaiku<br \/>\n3. Raimo Hokkanen ja Lauri Heino Karhupetankki<br \/>\n4. Reino Pihlajaniemi ja Jouko Pirttikoski Lepp\u00e4vaaran Sisu<br \/>\n&#8212;&#8211;<br \/>\nUnto R\u00e4s\u00e4nen ja Veikko Kosunen Jyv\u00e4skyl\u00e4n Valo<\/p>\n<p>Naisten Sarja (ND)(14)<br \/>\nA-Sarja<br \/>\n1. Raili Pietil\u00e4 ja Paula Degerstedt Karkkilan Urheilijat<br \/>\n2. Jaana Alanoja ja Sirkka-Liisa Vinnari Linnan Petanquistit<br \/>\n3. Eija-Liisa Laakso ja Sirkka Laine Kalvolan Isku<br \/>\n4. Anneli Rissanen ja Anu Pakkanen Karhupetankki<br \/>\n5.-8. Ulla L\u00e4hteel\u00e4 ja Raija Kyt\u00f6nen Jyv\u00e4skyl\u00e4n Valo<\/p>\n<p>B-Sarja<br \/>\n1. Taru Saarela ja Pirjo Saarela Koskipetankki<br \/>\n2. Paula Talpia ja Riitta Harinen-Rinne Lepp\u00e4vaaran Sisu<br \/>\n3. Hanna Jokela ja Tuulikki Nikulainen Lepp\u00e4vaaran Sisu<br \/>\n4. Raili Varalahtij a Marja-Liisa Niemi Karkkilan Urheilijat<br \/>\n5.-6. Sinikka Kakkonen ja Riitta J\u00e4ms\u00e4 Jyv\u00e4skyl\u00e4n Valo<\/p>\n<p><strong><a name=\"kisa4\"><\/a>TUL J\u00c4RVI-SUOMI, j\u00e4rjest\u00e4j\u00e4 Jyv\u00e4skyl\u00e4n Valo<\/strong><\/p>\n<p>TUL:n J\u00e4rvi-Suomen kisat 24.9.2016 Yrttisuon kent\u00e4ll\u00e4, Jyv\u00e4skyl\u00e4.<\/p>\n<p>Jyv\u00e4skyl\u00e4n Valo on saanut maineen hyv\u00e4n\u00e4 turnausten j\u00e4rjest\u00e4j\u00e4n\u00e4 ja t\u00e4n\u00e4 kes\u00e4n\u00e4 j\u00e4rjestimme<br \/>\nTUL J\u00e4rvi-Suomen kisat Yrttisuon perhepuistossa. Joukkueita osallistui kaikkiaan kahteen 18 kpl.<\/p>\n<p>SARJAT Duppeli; naiset (ND) ja miehet (YD); sekajoukkueet miesten sarjassa<\/p>\n<p>TULOKSET<\/p>\n<p>1. Pekka L\u00e4hteel\u00e4 ja Jari Karppanen Jyv\u00e4skyl\u00e4n Valo<br \/>\n2. Jarkko Immonen ja Seppo Pennanen Jyv\u00e4skyl\u00e4n Valo<br \/>\n3. Juha Karppanen ja Joni Ylel\u00e4 Jyv\u00e4skyl\u00e4n Valo<br \/>\n4. Unto R\u00e4s\u00e4nen ja Jyrki Karppanen Jyv\u00e4skyl\u00e4n Valo<br \/>\n5. Erkki Hyttinen ja Timo Hyttinen Varkauden Tarmo<br \/>\n6, Esa Maukonen ja Kauko Honkanen Jyv\u00e4skyl\u00e4n Valo<br \/>\n7. Jouko Lairi ja Pertti Raatikainen Lauritsalan Kisa-Toverit<br \/>\n8. Keijo M\u00e4ntt\u00e4ri ja Kari Penttinen Keljon Viesti<br \/>\n9. Alpi Kylm\u00e4nen ja Vesa Karttunen Jyv\u00e4skyl\u00e4n Valo<br \/>\n10. Markku Pellikainen Lepp\u00e4virran Urh. ja Pentti Taskinen Varkauden Tarmo<br \/>\n11. Pentti Kauppinen ja Riitta J\u00e4ms\u00e4 Jyv\u00e4skyl\u00e4n Valo<br \/>\n12. Olavi Rytk\u00f6nen ja Reima Rajala Keljon Viesti<br \/>\n13. Jarkko M\u00e4ntt\u00e4ri ja Risto Yl\u00f6nen Keljon Viesti<br \/>\n14. Paavo Ven\u00e4l\u00e4inen ja Risto R\u00e4s\u00e4nen Vaajakosken Kuohu<br \/>\n15. Pentti P\u00f6yh\u00f6nen ja Arvo Vanhanen Keljon Viesti<br \/>\n16. Matti P\u00f6pp\u00f6nen ja Orvokki Ven\u00e4l\u00e4inen Vaajakosken Kuohu<br \/>\n17. Kalevi Viskari ja Jouko Meuronen Taipalsaaren Riento<br \/>\n18. Veikko Hiekkanen ja Kauko Ven\u00e4l\u00e4inen Vaajakosken Kuohu<\/p>\n<p>Lis\u00e4tietoja tuloksista ja muista TUL:n tapahtumista l\u00f6ytyy <a href=\"http:\/\/tulpetanque.sporttisaitti.com\">t\u00e4\u00e4lt\u00e4<\/a><\/p>\n","protected":false},"excerpt":{"rendered":"<p>Petanque SM-ammuntakisa H\u00e4meenlinnassa 12.11.2016 Yleinen sarja, jossa 27 kilpailijaa ja karsinnan kahdeksan parasta selvityi mitalipeleihin. Tulokset: 1.Lindman Seppo (LOI) 2.Foussier Thomas (HBY) 3.Rinkkala Pertti (KVP) &#8230; 14.Karttunen Vesa (Valo) VALON KES\u00c4 2016 PETANKKITAPAHTUMIA Kes\u00e4n aikana seurasta osallistuttiin kolmiin petankki SM-kisoihin: SEURA-SM 2016 21.5.2016 Eurassa, j\u00e4rjest\u00e4j\u00e4 Euran Raiku SEKATRIPPELI SM-kisat 19.6. Kouvolassa, j\u00e4rjest\u00e4j\u00e4 Petanque Kouvola ry<\/p>\n<p><a class=\"read-more\" href=\"https:\/\/www.jyvaskylanvalo.net\/?page_id=666\"> Lue lis&auml;&auml;<\/a><\/p>\n","protected":false},"author":1,"featured_media":0,"parent":0,"menu_order":0,"comment_status":"closed","ping_status":"closed","template":"","meta":{"_mi_skip_tracking":false,"_exactmetrics_sitenote_active":false,"_exactmetrics_sitenote_note":"","_exactmetrics_sitenote_category":0},"_links":{"self":[{"href":"https:\/\/www.jyvaskylanvalo.net\/index.php?rest_route=\/wp\/v2\/pages\/666"}],"collection":[{"href":"https:\/\/www.jyvaskylanvalo.net\/index.php?rest_route=\/wp\/v2\/pages"}],"about":[{"href":"https:\/\/www.jyvaskylanvalo.net\/index.php?rest_route=\/wp\/v2\/types\/page"}],"author":[{"embeddable":true,"href":"https:\/\/www.jyvaskylanvalo.net\/index.php?rest_route=\/wp\/v2\/users\/1"}],"replies":[{"embeddable":true,"href":"https:\/\/www.jyvaskylanvalo.net\/index.php?rest_route=%2Fwp%2Fv2%2Fcomments&post=666"}],"version-history":[{"count":29,"href":"https:\/\/www.jyvaskylanvalo.net\/index.php?rest_route=\/wp\/v2\/pages\/666\/revisions"}],"predecessor-version":[{"id":771,"href":"https:\/\/www.jyvaskylanvalo.net\/index.php?rest_route=\/wp\/v2\/pages\/666\/revisions\/771"}],"wp:attachment":[{"href":"https:\/\/www.jyvaskylanvalo.net\/index.php?rest_route=%2Fwp%2Fv2%2Fmedia&parent=666"}],"curies":[{"name":"wp","href":"https:\/\/api.w.org\/{rel}","templated":true}]}}