{"id":661,"date":"2016-11-06T21:58:14","date_gmt":"2016-11-06T19:58:14","guid":{"rendered":"http:\/\/www.jyvaskylanvalo.net\/?page_id=661"},"modified":"2016-11-06T22:01:49","modified_gmt":"2016-11-06T20:01:49","slug":"savocup","status":"publish","type":"page","link":"https:\/\/www.jyvaskylanvalo.net\/?page_id=661","title":{"rendered":"SavoCup 2016"},"content":{"rendered":"<h2>Petankki, SavoCup tuloksia<\/h2>\n<p><strong> Savo Cupin SuperCup, Kuopio tulokset 3.9.2016 <\/strong><\/p>\n<p>1. Harry Ulvi Petanque Kuopio, Reijo Pusa Petanque Kuopio<br \/>\n2. Jaakko Kimari Mikkelin Petanque Club, Mikko Neuvonen Mikkelin Petanque Club<br \/>\n3. Pasi Matilainen Mikkelin Petanque Club, Anssi Viinikainen Susirajan Petanque<br \/>\n4. Matti Ruuskanen Petanque Kuopio, Kari Huttunen Petanque Kuopio<\/p>\n<p>Muita sijoja ei pelattu!<\/p>\n<p><strong> SavoCupin 5.osakilpailu pelattiin lauantaina 27.8. Jyv\u00e4skyl\u00e4ss\u00e4. Osallistujia oli yhteens\u00e4 17 joukkuetta seuraavista seuroista: JYV, KAN, Keljon Viesti, MPC, PKP, SUS <\/strong><\/p>\n<p><strong>Tulokset<\/strong><\/p>\n<p>1 Pasi Matilainen MPC, Anssi Viinikainen SUS<br \/>\n2. Jaakko Kimari MPC, Eija Hurri MPC<br \/>\n3. Joni Ylel\u00e4 JYV, Vesa Karttunen JYV<br \/>\n4. Risto Hippinen SUS, Timo Hyttinen KAN<br \/>\n5. Armi Rikkonen MPC, Jouko Haajanen MPC<br \/>\n6. Pentti P\u00f6yh\u00f6nen Keljon Viesti, Kari Penttinen Keljon Viesti<br \/>\n7. Juha Karppanen JYV, Jani Karppanen JYV<br \/>\n8. Harry Ulvi PKP, Niko Parviainen PKP<\/p>\n<p>Valosta l\u00e4htee kolme joukkuetta Kuopioon SavoCup kauden p\u00e4\u00e4tt\u00e4v\u00e4\u00e4n kisaan lauantaina 3.9.2016.<\/p>\n<p><strong>SavoCupin 4. osakilpailu pelattiin lauantaina 23.7. Kontiolahdella Osallistujia oli yhteens\u00e4 14 joukkuetta seuraavista seuroista: JYV, KAN, MPC, PKP, SUS, Eno, Kontiolahti, Forsbacka (SWE)<\/strong><\/p>\n<p>1. Anssi Viinikainen SUS, Kauko Juvonen SUS<br \/>\n2. Armi Rikkonen MPC, Jouko Haajanen MPC<br \/>\n3. Harry Ulvi PKP, Niko Parviainen PKP<br \/>\n4. Timo Hyttinen KAN, Tero Rasim\u00e4ki KAN<br \/>\n5. Jari Peltosola SUS, Pekka Suihko SUS<br \/>\n6. Alpi Kylm\u00e4nen JYV, Pekka L\u00e4hteel\u00e4 JYV<br \/>\n7. Juuso Hippinen SUS, Risto Hippinen SUS<br \/>\n8. Pekka Kiiskinen SUS, Jani Ker\u00e4nen SUS <\/p>\n<p><strong>SavoCupin 3.osakilpailu pelattiin lauantaina 18.6. Varkaudessa. Osallistujia oli yhteens\u00e4 11 joukkuetta seuraavista seuroista: JYV, KAN, MPC, PKP, SUS, VAR<\/strong><\/p>\n<p><strong>Tulokset<\/strong><\/p>\n<p>1. Mikko Neuvonen MPC, Jaakko Kimari MPC<br \/>\n2. Risto Hippinen SUS, Juuso Hippinen SUS<br \/>\n3. Harry Ulvi PKP, Niko Parviainen PKP<br \/>\n4. Timo Hyttinen KAN, Jarkko Immonen KAN<br \/>\n5. Jorma Rasim\u00e4ki KAN, Pentti Kauppinen JYV, Markku Pellikainen KAN<br \/>\n6. Unto R\u00e4s\u00e4nen JYV, Jyrki Karppanen JYV<br \/>\n7. Pentti Taskinen KAN, Erkki Hyttinen KAN<br \/>\n8. Armi Rikkonen MPC, Jouko Haajanen MPC<\/p>\n<p><strong>SavoCupin 2.osakilpailu pelattiin lauantaina 14.5. Kuopiossa. Osallistujia oli yhteens\u00e4 14 joukkuetta seuraavista seuroista: JYV, KAN, MPC, PKP, SUS<\/strong><\/p>\n<p><strong>Tulokset<\/strong><\/p>\n<p>1. Mikko Neuvonen MPC, Jaakko Kimari MPC<br \/>\n2. Anssi Viinikainen SUS, Jari Lukkarila SUS<br \/>\n3. Timo Hyttinen KAN, Tero Rasim\u00e4ki KAN<br \/>\n4. Juuso Vartiainen PKP, Matti Vartiainen PKP<br \/>\n5. Alpi Kylm\u00e4nen JYV, Pekka L\u00e4hteel\u00e4 JYV<br \/>\n6. Unto R\u00e4s\u00e4nen JYV, Matti Manninen JYV<br \/>\n7. Armi Rikkonen MPC, Jouko Haajanen MPC<br \/>\n8. Antti Koponen KAN, Erkki Hyttinen KAN<\/p>\n<p><strong>SavoCupin 1.osakilpailu pelattiin lauantaina 23.4. Mikkeliss\u00e4. Osallistujia oli 11 joukkuetta seuraavista seuroista: JYV, KAN, MPC, PKP, SUS<\/strong><\/p>\n<p><strong>Tulokset<\/strong><\/p>\n<p>1. Jaakko Kimari MPC, Mikko Neuvonen MPC<br \/>\n2. Anssi Viinikainen SUS, Pasi Matilainen MPC<br \/>\n3. Alpi Kylm\u00e4nen JYV, Pekka L\u00e4hteel\u00e4 JYV<br \/>\n4. Harry Ulvi PKP, Niko Parviainen PKP<br \/>\n5. Jouko Haajanen MPC, Armi Rikkonen MPC<br \/>\n6. Timo Hyttinen KAN, Risto Hippinen SUS<br \/>\n7. Harri Reinikainen PKP, Matti Ruuskanen PKP<br \/>\n8. Erkki Hyttinen KAN, Antti Koponen KAN<\/p>\n","protected":false},"excerpt":{"rendered":"<p>Petankki, SavoCup tuloksia Savo Cupin SuperCup, Kuopio tulokset 3.9.2016 1. Harry Ulvi Petanque Kuopio, Reijo Pusa Petanque Kuopio 2. Jaakko Kimari Mikkelin Petanque Club, Mikko Neuvonen Mikkelin Petanque Club 3. Pasi Matilainen Mikkelin Petanque Club, Anssi Viinikainen Susirajan Petanque 4. Matti Ruuskanen Petanque Kuopio, Kari Huttunen Petanque Kuopio Muita sijoja ei pelattu! SavoCupin 5.osakilpailu pelattiin<\/p>\n<p><a class=\"read-more\" href=\"https:\/\/www.jyvaskylanvalo.net\/?page_id=661\"> Lue lis&auml;&auml;<\/a><\/p>\n","protected":false},"author":1,"featured_media":0,"parent":0,"menu_order":0,"comment_status":"closed","ping_status":"closed","template":"","meta":{"_mi_skip_tracking":false,"_exactmetrics_sitenote_active":false,"_exactmetrics_sitenote_note":"","_exactmetrics_sitenote_category":0},"_links":{"self":[{"href":"https:\/\/www.jyvaskylanvalo.net\/index.php?rest_route=\/wp\/v2\/pages\/661"}],"collection":[{"href":"https:\/\/www.jyvaskylanvalo.net\/index.php?rest_route=\/wp\/v2\/pages"}],"about":[{"href":"https:\/\/www.jyvaskylanvalo.net\/index.php?rest_route=\/wp\/v2\/types\/page"}],"author":[{"embeddable":true,"href":"https:\/\/www.jyvaskylanvalo.net\/index.php?rest_route=\/wp\/v2\/users\/1"}],"replies":[{"embeddable":true,"href":"https:\/\/www.jyvaskylanvalo.net\/index.php?rest_route=%2Fwp%2Fv2%2Fcomments&post=661"}],"version-history":[{"count":3,"href":"https:\/\/www.jyvaskylanvalo.net\/index.php?rest_route=\/wp\/v2\/pages\/661\/revisions"}],"predecessor-version":[{"id":665,"href":"https:\/\/www.jyvaskylanvalo.net\/index.php?rest_route=\/wp\/v2\/pages\/661\/revisions\/665"}],"wp:attachment":[{"href":"https:\/\/www.jyvaskylanvalo.net\/index.php?rest_route=%2Fwp%2Fv2%2Fmedia&parent=661"}],"curies":[{"name":"wp","href":"https:\/\/api.w.org\/{rel}","templated":true}]}}