{"id":399,"date":"2016-07-19T12:55:46","date_gmt":"2016-07-19T09:55:46","guid":{"rendered":"http:\/\/www.jyvaskylanvalo.net\/wordpress\/?page_id=399"},"modified":"2024-09-05T08:15:31","modified_gmt":"2024-09-05T05:15:31","slug":"salibandy","status":"publish","type":"page","link":"https:\/\/www.jyvaskylanvalo.net\/?page_id=399","title":{"rendered":"Salibandy"},"content":{"rendered":"<h2>Valon naisten salibandyjoukkue<\/h2>\n<p>Valon naiset pelasivat naisten 4.divaria Sis\u00e4-Suomen lohkossa kausina 2016-2017, 2017-2018 sek\u00e4 2018-2019. Kauden 2018-2019 p\u00e4\u00e4tteeksi Valon gissat nousivat kolmosdivariin ja pelasivat kolmosdivarissa kauden 2019-2020. Samalle kaudelle tehtiin my\u00f6s nelosdivarijoukkue, joka pelasi nelosdivarissa kauden 2019-2020. Molemmat joukkueet nousivat yhden pyk\u00e4l\u00e4n eteenp\u00e4in kauden 2019-2020 j\u00e4lkeen sarjojen uudelleenj\u00e4rjestelyjen my\u00f6t\u00e4. N\u00e4in ollen kaudella 2020-2021 Valon gissoilla oli joukkueet 2.divarissa sek\u00e4 3.divarissa. Kaudesta 2021-2022 eteenp\u00e4in Valon naisten molemmat salibandyjoukkueet ovat pelanneet 3.divarissa.<\/p>\n<p>Valon naisten porukkaan ovat kaikki tervetulleita, joten olit sitten jo aiemmin pit\u00e4nyt salibandymailaa k\u00e4dess\u00e4 tai et, niin olet tervetullut! Joten jos reenaaminen tai pelaaminen Valon naisten s\u00e4b\u00e4joukkueessa kiinnostaa, niin ei muuta kuin ota yhteytt\u00e4!<\/p>\n<p>Voit ottaa yhteytt\u00e4 s\u00e4hk\u00f6postitse valonaisetsalibandy@gmail.com<\/p>\n<p>K\u00e4y kurkkaamassa Valon naisten Instagram-sivut t\u00e4\u00e4lt\u00e4 <a href=\"http:\/\/instagram.com\/valongissat\">http:\/\/instagram.com\/valongissat<\/a><\/p>\n","protected":false},"excerpt":{"rendered":"<p>Valon naisten salibandyjoukkue Valon naiset pelasivat naisten 4.divaria Sis\u00e4-Suomen lohkossa kausina 2016-2017, 2017-2018 sek\u00e4 2018-2019. Kauden 2018-2019 p\u00e4\u00e4tteeksi Valon gissat nousivat kolmosdivariin ja pelasivat kolmosdivarissa kauden 2019-2020. Samalle kaudelle tehtiin my\u00f6s nelosdivarijoukkue, joka pelasi nelosdivarissa kauden 2019-2020. Molemmat joukkueet nousivat yhden pyk\u00e4l\u00e4n eteenp\u00e4in kauden 2019-2020 j\u00e4lkeen sarjojen uudelleenj\u00e4rjestelyjen my\u00f6t\u00e4. N\u00e4in ollen kaudella 2020-2021 Valon gissoilla<\/p>\n<p><a class=\"read-more\" href=\"https:\/\/www.jyvaskylanvalo.net\/?page_id=399\"> Lue lis&auml;&auml;<\/a><\/p>\n","protected":false},"author":1,"featured_media":0,"parent":0,"menu_order":0,"comment_status":"closed","ping_status":"closed","template":"","meta":{"_mi_skip_tracking":false,"_exactmetrics_sitenote_active":false,"_exactmetrics_sitenote_note":"","_exactmetrics_sitenote_category":0},"_links":{"self":[{"href":"https:\/\/www.jyvaskylanvalo.net\/index.php?rest_route=\/wp\/v2\/pages\/399"}],"collection":[{"href":"https:\/\/www.jyvaskylanvalo.net\/index.php?rest_route=\/wp\/v2\/pages"}],"about":[{"href":"https:\/\/www.jyvaskylanvalo.net\/index.php?rest_route=\/wp\/v2\/types\/page"}],"author":[{"embeddable":true,"href":"https:\/\/www.jyvaskylanvalo.net\/index.php?rest_route=\/wp\/v2\/users\/1"}],"replies":[{"embeddable":true,"href":"https:\/\/www.jyvaskylanvalo.net\/index.php?rest_route=%2Fwp%2Fv2%2Fcomments&post=399"}],"version-history":[{"count":42,"href":"https:\/\/www.jyvaskylanvalo.net\/index.php?rest_route=\/wp\/v2\/pages\/399\/revisions"}],"predecessor-version":[{"id":4016,"href":"https:\/\/www.jyvaskylanvalo.net\/index.php?rest_route=\/wp\/v2\/pages\/399\/revisions\/4016"}],"wp:attachment":[{"href":"https:\/\/www.jyvaskylanvalo.net\/index.php?rest_route=%2Fwp%2Fv2%2Fmedia&parent=399"}],"curies":[{"name":"wp","href":"https:\/\/api.w.org\/{rel}","templated":true}]}}