{"id":3576,"date":"2021-07-18T11:47:19","date_gmt":"2021-07-18T08:47:19","guid":{"rendered":"http:\/\/www.jyvaskylanvalo.net\/?page_id=3576"},"modified":"2022-06-23T13:14:35","modified_gmt":"2022-06-23T10:14:35","slug":"laskutustiedot","status":"publish","type":"page","link":"https:\/\/www.jyvaskylanvalo.net\/?page_id=3576","title":{"rendered":"Laskutustiedot"},"content":{"rendered":"\n<p>Olemme ottaneet k\u00e4ytt\u00f6\u00f6n Procountor-ohjelmiston, ja meill\u00e4 on nyt mahdollisuus vastaan-ottaa verkkolaskuja.<\/p>\n\n\n\n<p>Toivomme, ett\u00e4 l\u00e4het\u00e4tte laskunne ensisijaisesti verkkolaskuina. Verkkolaskujen k\u00e4sittely on sek\u00e4 l\u00e4hett\u00e4j\u00e4lle ett\u00e4 vastaanottajalle nopeampaa, luotettavampaa ja edullisempaa kuin paperilaskujen k\u00e4sittely.<\/p>\n\n\n\n<p>Verkkolaskuosoitteemme ovat:<\/p>\n\n\n\n<figure class=\"wp-block-table\"><table><tbody><tr><td><strong>Operaattori<\/strong><\/td><td><strong>Verkkolaskuosoite<\/strong><\/td><td><strong>OVT-tunnus<\/strong><\/td><\/tr><tr><td>Apix Messaging Oy (003723327487)<\/td><td>003701747106<\/td><td>003701747106<\/td><\/tr><\/tbody><\/table><\/figure>\n\n\n\n<p><\/p>\n\n\n\n<p>Huomioittehan, ett\u00e4 mik\u00e4li k\u00e4yt\u00f6ss\u00e4nne on jokin seuraavista operaattoreista verkkolaskunl\u00e4hett\u00e4miseen: Danske Bank Oyj, Handelsbanken, Paikallisosuuspankit tai S\u00e4\u00e4st\u00f6pankit, tuleeteid\u00e4n k\u00e4ytt\u00e4\u00e4 Apixin verkkolaskuosoitteenamme seuraavaa osoitetta: verkkolaskuosoite:003723327487 ja operaattoritunnus: DABAFIHH.<\/p>\n\n\n\n<p>Mik\u00e4li ette voi l\u00e4hett\u00e4\u00e4 verkkolaskuja, pyyd\u00e4mme l\u00e4hett\u00e4m\u00e4\u00e4n laskut ostolaskujen skannauspalveluun. S\u00e4hk\u00f6postiskannauksen osoite: 003701747106@procountor.apix.fi<br><br>L\u00e4hetett\u00e4v\u00e4 lasku tulee olla s\u00e4hk\u00f6postin liitteen\u00e4 PDF-tiedostona ja yhdell\u00e4 s\u00e4hk\u00f6postilla ja sen liitteiss\u00e4 saa olla vain yksi lasku. Jos s\u00e4hk\u00f6posti sis\u00e4lt\u00e4\u00e4 muita liitetiedostoja, lis\u00e4t\u00e4\u00e4n ne laskun liitteiksi. Liitetiedostojen maksimikoko on 2 mb. L\u00e4hetyksen j\u00e4lkeen palvelusta tulee joko hyv\u00e4ksynt\u00e4- tai hylk\u00e4ysilmoitus s\u00e4hk\u00f6postilla l\u00e4hetysosoitteeseen 15 minuutin kuluessa l\u00e4hetyksest\u00e4.<\/p>\n\n\n\n<p>Paperilaskujen skannauksen osoite:<\/p>\n\n\n\n<p>Voimistelu- ja Urheiluseura Jyv\u00e4skyl\u00e4n Valo r.y. (Apix Skannauspalvelu)<br>PL 16112<br>00021 LASKUTUS<br>Jotta skannauspalvelu voi kohdistaa laskunne, tulee t\u00e4m\u00e4 laskutusosoite tulostaa my\u00f6s itse laskuun, eik\u00e4 pelk\u00e4st\u00e4\u00e4n kirjekuoreen. T\u00e4h\u00e4n laskutusosoitteeseen ei tule l\u00e4hett\u00e4\u00e4 muuta materiaalia kuin laskuja, eli esimerkiksi tiedotusten ja markkinointimateriaalin postiosoite pysyy ennallaan.<\/p>\n\n\n\n<p><strong>Epassi<\/strong><\/p>\n\n\n\n<p>Seuran kausimaksuihin (ei j\u00e4senmaksuihin) voi k\u00e4ytt\u00e4\u00e4 Epassi -maksutapaa, kysyth\u00e4n lis\u00e4tietoja lajivastaavalta.<\/p>\n\n\n\n<figure class=\"wp-block-image size-large\"><img src=\"http:\/\/www.jyvaskylanvalo.net\/wp-content\/uploads\/2022\/06\/Epassi-Logo-Primary-Color-RGB.png\" alt=\"\" class=\"wp-image-3787\" width=\"90%\" srcset=\"https:\/\/www.jyvaskylanvalo.net\/wp-content\/uploads\/2022\/06\/Epassi-Logo-Primary-Color-RGB.png 608w, https:\/\/www.jyvaskylanvalo.net\/wp-content\/uploads\/2022\/06\/Epassi-Logo-Primary-Color-RGB-300x94.png 300w\" sizes=\"(max-width: 608px) 100vw, 608px\" \/><\/figure>\n\n\n\n<p><strong>Smartum<\/strong><\/p>\n\n\n\n<p>Seuran kausimaksuihin (ei j\u00e4senmaksuihin) voi k\u00e4ytt\u00e4\u00e4 Smartum -maksutapaa, kysyth\u00e4n lis\u00e4tietoja lajivastaavalta.<\/p>\n\n\n\n<figure class=\"wp-block-image size-large\"><img src=\"http:\/\/www.jyvaskylanvalo.net\/wp-content\/uploads\/2022\/06\/SMARTUM_LOGO_RGB_BLACK.png\" width=\"90%\" alt=\"\" class=\"wp-image-3793\" srcset=\"https:\/\/www.jyvaskylanvalo.net\/wp-content\/uploads\/2022\/06\/SMARTUM_LOGO_RGB_BLACK.png 946w, https:\/\/www.jyvaskylanvalo.net\/wp-content\/uploads\/2022\/06\/SMARTUM_LOGO_RGB_BLACK-300x56.png 300w, https:\/\/www.jyvaskylanvalo.net\/wp-content\/uploads\/2022\/06\/SMARTUM_LOGO_RGB_BLACK-768x145.png 768w\" sizes=\"(max-width: 946px) 100vw, 946px\" \/><\/figure>\n","protected":false},"excerpt":{"rendered":"<p>Olemme ottaneet k\u00e4ytt\u00f6\u00f6n Procountor-ohjelmiston, ja meill\u00e4 on nyt mahdollisuus vastaan-ottaa verkkolaskuja. Toivomme, ett\u00e4 l\u00e4het\u00e4tte laskunne ensisijaisesti verkkolaskuina. Verkkolaskujen k\u00e4sittely on sek\u00e4 l\u00e4hett\u00e4j\u00e4lle ett\u00e4 vastaanottajalle nopeampaa, luotettavampaa ja edullisempaa kuin paperilaskujen k\u00e4sittely. Verkkolaskuosoitteemme ovat: Operaattori Verkkolaskuosoite OVT-tunnus Apix Messaging Oy (003723327487) 003701747106 003701747106 Huomioittehan, ett\u00e4 mik\u00e4li k\u00e4yt\u00f6ss\u00e4nne on jokin seuraavista operaattoreista verkkolaskunl\u00e4hett\u00e4miseen: Danske Bank Oyj, Handelsbanken,<\/p>\n<p><a class=\"read-more\" href=\"https:\/\/www.jyvaskylanvalo.net\/?page_id=3576\"> Lue lis&auml;&auml;<\/a><\/p>\n","protected":false},"author":1,"featured_media":0,"parent":0,"menu_order":0,"comment_status":"closed","ping_status":"closed","template":"","meta":{"_mi_skip_tracking":false,"_exactmetrics_sitenote_active":false,"_exactmetrics_sitenote_note":"","_exactmetrics_sitenote_category":0},"_links":{"self":[{"href":"https:\/\/www.jyvaskylanvalo.net\/index.php?rest_route=\/wp\/v2\/pages\/3576"}],"collection":[{"href":"https:\/\/www.jyvaskylanvalo.net\/index.php?rest_route=\/wp\/v2\/pages"}],"about":[{"href":"https:\/\/www.jyvaskylanvalo.net\/index.php?rest_route=\/wp\/v2\/types\/page"}],"author":[{"embeddable":true,"href":"https:\/\/www.jyvaskylanvalo.net\/index.php?rest_route=\/wp\/v2\/users\/1"}],"replies":[{"embeddable":true,"href":"https:\/\/www.jyvaskylanvalo.net\/index.php?rest_route=%2Fwp%2Fv2%2Fcomments&post=3576"}],"version-history":[{"count":9,"href":"https:\/\/www.jyvaskylanvalo.net\/index.php?rest_route=\/wp\/v2\/pages\/3576\/revisions"}],"predecessor-version":[{"id":3801,"href":"https:\/\/www.jyvaskylanvalo.net\/index.php?rest_route=\/wp\/v2\/pages\/3576\/revisions\/3801"}],"wp:attachment":[{"href":"https:\/\/www.jyvaskylanvalo.net\/index.php?rest_route=%2Fwp%2Fv2%2Fmedia&parent=3576"}],"curies":[{"name":"wp","href":"https:\/\/api.w.org\/{rel}","templated":true}]}}