{"id":3358,"date":"2020-09-23T17:26:41","date_gmt":"2020-09-23T14:26:41","guid":{"rendered":"http:\/\/www.jyvaskylanvalo.net\/?page_id=3358"},"modified":"2021-06-11T13:55:06","modified_gmt":"2021-06-11T10:55:06","slug":"majoitus-3","status":"publish","type":"page","link":"https:\/\/www.jyvaskylanvalo.net\/?page_id=3358","title":{"rendered":"Majoitus"},"content":{"rendered":"\n<p><a href=\"https:\/\/www.laajis.fi\/\">Laajis&nbsp;<\/a> <br>Caravan majoituksen&nbsp;viikkohinta 3.\/4.-10.7.2021 130,00\u20ac&nbsp;+ s\u00e4hk\u00f6. S\u00e4hk\u00f6n osuus on 5\u20ac\/vrk tai 0,35\u20ac\/kWh. Hintaan sis\u00e4ltyv\u00e4t&nbsp;huoltorakennuksesta l\u00f6ytyv\u00e4t wc-, keitti\u00f6 -ja saunatilat.&nbsp;<br>Vuorokausihinta Caravan j\u00e4senille 33\u20ac (sis. s\u00e4hk\u00f6)<br>sek\u00e4 ilman j\u00e4senkorttia 35\u20ac (sis. s\u00e4hk\u00f6)  <\/p>\n\n\n\n<p><a href=\"https:\/\/www.sokoshotels.fi\/fi\/jyvaskyla\/sokos-hotel-alexandra\">Sokos Hotel Alexandra<\/a>  <br>Hinta\/vrk 99\u20ac 1-hengen huone (standard). 109\u20ac 2-hengen huone (standard). 10\u20ac lis\u00e4vuode alle 16-vuotiaalle. 20\u20ac lis\u00e4vuode aikuiselle  <br>Varauskoodi: BPETANQUESM2021   <\/p>\n\n\n\n<p><a href=\"https:\/\/www.sokoshotels.fi\/fi\/jyvaskyla\/solo-sokos-hotel-paviljonki\">Sokos Hotel Paviljonki&nbsp;<\/a>  <br>Hinta\/vrk 105\u20ac 1-hengen huone (Solo). 115\u20ac 2-hengen huone (Solo) Varauskoodi: BPETANQUESM2021  <\/p>\n\n\n\n<p><a href=\"https:\/\/www.jko.fi\/\">Jyv\u00e4skyl\u00e4n Kristillinen opisto<\/a><\/p>\n\n\n\n<p>Aika 4.-10.7.2021<\/p>\n\n\n\n<p>Paikka Jyv\u00e4skyl\u00e4n kristillinen opisto, Sulkulantie 28, 40520 Jyv\u00e4skyl\u00e4<\/p>\n\n\n\n<p>Hinnat Kartano- ja Patruuna -luhtitalot<\/p>\n\n\n\n<p>Kaksio 3-4 henkil\u00f6lle (3kpl) 90\u20ac \/y\u00f6<\/p>\n\n\n\n<p>Yksi\u00f6 1-2 henkil\u00f6lle (7kpl) 70\u20ac \/y\u00f6<\/p>\n\n\n\n<p>Ulkotilat. Pihapiiri on v\u00e4lj\u00e4 ja rauhoitettu autoliikenteelt\u00e4. Autopaikat ovat maksutta k\u00e4yt\u00f6ss\u00e4nne.<br>Veloitamme palauttamattomasta avaimesta 30\u20ac.<\/p>\n\n\n\n<p>Muuta: Majoittujat varaavat majoituksen s\u00e4hk\u00f6postilla osoitteeseen: kokouspalvelut@jko.fi.<br>Viestiin otsikoksi \u201dJyv\u00e4skyl\u00e4n Valo, majoitusvaraus\u201d. Viestiin kaikkien majoittujien<br>nimet ja varattavat y\u00f6t.<\/p>\n\n\n\n<p>Kiinti\u00f6 on voimassa 18.6.2021 saakka.<\/p>\n\n\n\n<p><a href=\"https:\/\/www.hotellialba.fi\/\">Finlandia hotelli Alba<\/a><\/p>\n\n\n\n<p>h1 economy 70,00e \/vrk<\/p>\n\n\n\n<p>h1 standard 80,00e \/vrk<\/p>\n\n\n\n<p>h1 superior 90,00e \/vrk<\/p>\n\n\n\n<p><br>h2 standard 90,00e \/vrk (45,00e&nbsp; henkil\u00f6 )<\/p>\n\n\n\n<p>Saunallinen JrSuite yhdelle 145,00e \/vrk<\/p>\n\n\n\n<p>Saunallinen JrSuite kahdelle 165,00e \/vrk<\/p>\n\n\n\n<p>&#8211; hinnat sis\u00e4lt\u00e4v\u00e4t runsaan aamiaisen noutop\u00f6yd\u00e4st\u00e4 sek\u00e4 mahdollisuuden saunomiseen asiakassauna-aikoina. Lis\u00e4ksi asiakkaidemme k\u00e4yt\u00f6ss\u00e4 on ilmainen paikoitus ja wifi yhteys.<br><\/p>\n\n\n\n<p>VARAUSTUNNUS:&nbsp;<strong>&nbsp;petsm2021<\/strong><\/p>\n\n\n\n<p>                                                                  <\/p>\n\n\n\n<p><br><\/p>\n","protected":false},"excerpt":{"rendered":"<p>Laajis&nbsp; Caravan majoituksen&nbsp;viikkohinta 3.\/4.-10.7.2021 130,00\u20ac&nbsp;+ s\u00e4hk\u00f6. S\u00e4hk\u00f6n osuus on 5\u20ac\/vrk tai 0,35\u20ac\/kWh. Hintaan sis\u00e4ltyv\u00e4t&nbsp;huoltorakennuksesta l\u00f6ytyv\u00e4t wc-, keitti\u00f6 -ja saunatilat.&nbsp;Vuorokausihinta Caravan j\u00e4senille 33\u20ac (sis. s\u00e4hk\u00f6)sek\u00e4 ilman j\u00e4senkorttia 35\u20ac (sis. s\u00e4hk\u00f6) Sokos Hotel Alexandra Hinta\/vrk 99\u20ac 1-hengen huone (standard). 109\u20ac 2-hengen huone (standard). 10\u20ac lis\u00e4vuode alle 16-vuotiaalle. 20\u20ac lis\u00e4vuode aikuiselle Varauskoodi: BPETANQUESM2021 Sokos Hotel Paviljonki&nbsp; Hinta\/vrk 105\u20ac<\/p>\n<p><a class=\"read-more\" href=\"https:\/\/www.jyvaskylanvalo.net\/?page_id=3358\"> Lue lis&auml;&auml;<\/a><\/p>\n","protected":false},"author":1,"featured_media":0,"parent":0,"menu_order":0,"comment_status":"closed","ping_status":"closed","template":"","meta":{"_mi_skip_tracking":false,"_exactmetrics_sitenote_active":false,"_exactmetrics_sitenote_note":"","_exactmetrics_sitenote_category":0},"_links":{"self":[{"href":"https:\/\/www.jyvaskylanvalo.net\/index.php?rest_route=\/wp\/v2\/pages\/3358"}],"collection":[{"href":"https:\/\/www.jyvaskylanvalo.net\/index.php?rest_route=\/wp\/v2\/pages"}],"about":[{"href":"https:\/\/www.jyvaskylanvalo.net\/index.php?rest_route=\/wp\/v2\/types\/page"}],"author":[{"embeddable":true,"href":"https:\/\/www.jyvaskylanvalo.net\/index.php?rest_route=\/wp\/v2\/users\/1"}],"replies":[{"embeddable":true,"href":"https:\/\/www.jyvaskylanvalo.net\/index.php?rest_route=%2Fwp%2Fv2%2Fcomments&post=3358"}],"version-history":[{"count":5,"href":"https:\/\/www.jyvaskylanvalo.net\/index.php?rest_route=\/wp\/v2\/pages\/3358\/revisions"}],"predecessor-version":[{"id":3508,"href":"https:\/\/www.jyvaskylanvalo.net\/index.php?rest_route=\/wp\/v2\/pages\/3358\/revisions\/3508"}],"wp:attachment":[{"href":"https:\/\/www.jyvaskylanvalo.net\/index.php?rest_route=%2Fwp%2Fv2%2Fmedia&parent=3358"}],"curies":[{"name":"wp","href":"https:\/\/api.w.org\/{rel}","templated":true}]}}