{"id":2981,"date":"2019-10-20T17:57:42","date_gmt":"2019-10-20T14:57:42","guid":{"rendered":"http:\/\/www.jyvaskylanvalo.net\/?page_id=2981"},"modified":"2020-09-23T16:43:36","modified_gmt":"2020-09-23T13:43:36","slug":"sm-kisaviikko-2020","status":"publish","type":"page","link":"https:\/\/www.jyvaskylanvalo.net\/?page_id=2981","title":{"rendered":"Petankin SM 2021"},"content":{"rendered":"\n<p>Jyv\u00e4skyl\u00e4n Valo j\u00e4rjest\u00e4\u00e4 Petankin Sm-kisaviikon 4-10.7.2021.<\/p>\n\n\n\n<p>Pelipaikkana toimii L\u00e4hitapiola Areenan parkkipaikka, osoite Rautpohjankatu 10, 40700, Jyv\u00e4skyl\u00e4<\/p>\n","protected":false},"excerpt":{"rendered":"<p>Jyv\u00e4skyl\u00e4n Valo j\u00e4rjest\u00e4\u00e4 Petankin Sm-kisaviikon 4-10.7.2021. Pelipaikkana toimii L\u00e4hitapiola Areenan parkkipaikka, osoite Rautpohjankatu 10, 40700, Jyv\u00e4skyl\u00e4<\/p>\n","protected":false},"author":1,"featured_media":0,"parent":0,"menu_order":0,"comment_status":"closed","ping_status":"closed","template":"","meta":{"_mi_skip_tracking":false,"_exactmetrics_sitenote_active":false,"_exactmetrics_sitenote_note":"","_exactmetrics_sitenote_category":0},"_links":{"self":[{"href":"https:\/\/www.jyvaskylanvalo.net\/index.php?rest_route=\/wp\/v2\/pages\/2981"}],"collection":[{"href":"https:\/\/www.jyvaskylanvalo.net\/index.php?rest_route=\/wp\/v2\/pages"}],"about":[{"href":"https:\/\/www.jyvaskylanvalo.net\/index.php?rest_route=\/wp\/v2\/types\/page"}],"author":[{"embeddable":true,"href":"https:\/\/www.jyvaskylanvalo.net\/index.php?rest_route=\/wp\/v2\/users\/1"}],"replies":[{"embeddable":true,"href":"https:\/\/www.jyvaskylanvalo.net\/index.php?rest_route=%2Fwp%2Fv2%2Fcomments&post=2981"}],"version-history":[{"count":5,"href":"https:\/\/www.jyvaskylanvalo.net\/index.php?rest_route=\/wp\/v2\/pages\/2981\/revisions"}],"predecessor-version":[{"id":3357,"href":"https:\/\/www.jyvaskylanvalo.net\/index.php?rest_route=\/wp\/v2\/pages\/2981\/revisions\/3357"}],"wp:attachment":[{"href":"https:\/\/www.jyvaskylanvalo.net\/index.php?rest_route=%2Fwp%2Fv2%2Fmedia&parent=2981"}],"curies":[{"name":"wp","href":"https:\/\/api.w.org\/{rel}","templated":true}]}}