{"id":297,"date":"2016-07-11T16:33:07","date_gmt":"2016-07-11T13:33:07","guid":{"rendered":"http:\/\/www.jyvaskylanvalo.net\/wordpress\/?page_id=297"},"modified":"2025-01-03T19:49:05","modified_gmt":"2025-01-03T17:49:05","slug":"lentopallo","status":"publish","type":"page","link":"https:\/\/www.jyvaskylanvalo.net\/?page_id=297","title":{"rendered":"Lentopallo"},"content":{"rendered":"<h2>Harraste lentopalloa Valossa<\/h2>\n<p>Lentopallossa on vire\u00e4\u00e4 toimintaa. Pelaamme seitsem\u00e4\u00e4 vuoroa viikoittain. Pelip\u00e4ivin\u00e4 ovat ainakin kev\u00e4\u00e4n 2025 aikana edelleen maanantai (2 vuoroa), keskiviikko, torstai (2 vuoroa), perjantai ja sunnuntai. Kev\u00e4tkauden aikana haemme taas seuraavalle, elokuussa alkavalle sis\u00e4kaudelle, v\u00e4hint\u00e4\u00e4n samanlaista vuorom\u00e4\u00e4r\u00e4\u00e4.<br \/>\nPelaajia on vuoroissamme reilut 60 pelaajaa. Kes\u00e4aikana ulkopeleiss\u00e4 porukka hajaantuu eri kentille biitsi- ja normikokoisiin joukkueisiin.<\/p>\n<p>Yhteyshenkil\u00f6n\u00e4 lentopallotoiminnassa on Viljo Manninen, puhelin 0440 544350.<\/p>\n<p>Lentopallotoiminnan omat nettisivut l\u00f6ytyv\u00e4t: <a href=\"https:\/\/valonlentis.sporttisaitti.com\/\">Jyv\u00e4skyl\u00e4n Valo Ry &#8211; lentis<\/a><\/p>\n","protected":false},"excerpt":{"rendered":"<p>Harraste lentopalloa Valossa Lentopallossa on vire\u00e4\u00e4 toimintaa. Pelaamme seitsem\u00e4\u00e4 vuoroa viikoittain. Pelip\u00e4ivin\u00e4 ovat ainakin kev\u00e4\u00e4n 2025 aikana edelleen maanantai (2 vuoroa), keskiviikko, torstai (2 vuoroa), perjantai ja sunnuntai. Kev\u00e4tkauden aikana haemme taas seuraavalle, elokuussa alkavalle sis\u00e4kaudelle, v\u00e4hint\u00e4\u00e4n samanlaista vuorom\u00e4\u00e4r\u00e4\u00e4. Pelaajia on vuoroissamme reilut 60 pelaajaa. Kes\u00e4aikana ulkopeleiss\u00e4 porukka hajaantuu eri kentille biitsi- ja normikokoisiin joukkueisiin.<\/p>\n<p><a class=\"read-more\" href=\"https:\/\/www.jyvaskylanvalo.net\/?page_id=297\"> Lue lis&auml;&auml;<\/a><\/p>\n","protected":false},"author":1,"featured_media":0,"parent":0,"menu_order":0,"comment_status":"closed","ping_status":"closed","template":"","meta":{"_mi_skip_tracking":false,"_exactmetrics_sitenote_active":false,"_exactmetrics_sitenote_note":"","_exactmetrics_sitenote_category":0},"_links":{"self":[{"href":"https:\/\/www.jyvaskylanvalo.net\/index.php?rest_route=\/wp\/v2\/pages\/297"}],"collection":[{"href":"https:\/\/www.jyvaskylanvalo.net\/index.php?rest_route=\/wp\/v2\/pages"}],"about":[{"href":"https:\/\/www.jyvaskylanvalo.net\/index.php?rest_route=\/wp\/v2\/types\/page"}],"author":[{"embeddable":true,"href":"https:\/\/www.jyvaskylanvalo.net\/index.php?rest_route=\/wp\/v2\/users\/1"}],"replies":[{"embeddable":true,"href":"https:\/\/www.jyvaskylanvalo.net\/index.php?rest_route=%2Fwp%2Fv2%2Fcomments&post=297"}],"version-history":[{"count":9,"href":"https:\/\/www.jyvaskylanvalo.net\/index.php?rest_route=\/wp\/v2\/pages\/297\/revisions"}],"predecessor-version":[{"id":4037,"href":"https:\/\/www.jyvaskylanvalo.net\/index.php?rest_route=\/wp\/v2\/pages\/297\/revisions\/4037"}],"wp:attachment":[{"href":"https:\/\/www.jyvaskylanvalo.net\/index.php?rest_route=%2Fwp%2Fv2%2Fmedia&parent=297"}],"curies":[{"name":"wp","href":"https:\/\/api.w.org\/{rel}","templated":true}]}}