{"id":290,"date":"2016-07-11T16:27:25","date_gmt":"2016-07-11T13:27:25","guid":{"rendered":"http:\/\/www.jyvaskylanvalo.net\/wordpress\/?page_id=290"},"modified":"2025-05-19T23:08:29","modified_gmt":"2025-05-19T20:08:29","slug":"miehet","status":"publish","type":"page","link":"https:\/\/www.jyvaskylanvalo.net\/?page_id=290","title":{"rendered":"Miehet Pes\u00e4pallo"},"content":{"rendered":"<h2>Kes\u00e4 2025<\/h2>\n<div dir=\"auto\">Valon miehet treenailee torstaisin klo.18.30-19.45 Koskenharjun kent\u00e4ll\u00e4. Joukkue osallistuu Keski-Suomen miesten kuntopesikseen.\u00a0<\/div>\n<div dir=\"auto\">\u00a0<\/div>\n<div dir=\"auto\">Uudet pelaajat ovat tervetulleita ja mukaan p\u00e4\u00e4see matalalla kynnyksell\u00e4, et siis tarvitse aikaisempaa kokemusta pes\u00e4pallosta!<\/div>\n<div dir=\"auto\">\u00a0<\/div>\n<div dir=\"auto\">Kausimaksu tulee kes\u00e4n aikana olemaan yhteens\u00e4 50-150\u20ac (lopullinen maksu m\u00e4\u00e4r\u00e4ytyy kun tiedet\u00e4\u00e4n kes\u00e4n pelien ja pelaajien m\u00e4\u00e4r\u00e4). Lis\u00e4ksi seuran j\u00e4senmaksu 20\u20ac\/ kalenterivuosi.<\/div>\n<div dir=\"auto\">\u00a0<\/div>\n<div dir=\"auto\">Voit tulla kokeilemaan pari ensimm\u00e4ist\u00e4 kertaa ilman maksua!<\/div>\n<div dir=\"auto\">\u00a0<\/div>\n<div dir=\"auto\">Lis\u00e4tietoja Miesten kuntopesiksest\u00e4:\u00a0<a href=\"mailto:olavi90@outlook.com\" target=\"_blank\" rel=\"noopener\">olavi90@outlook.com<\/a><\/div>\n<div dir=\"auto\">\u00a0<\/div>\n<div dir=\"auto\">\u00a0<\/div>\n<div class=\"yj6qo\">MIesten otteluohjelma kes\u00e4 2025<\/div>\n<div>\u00a0<\/div>\n<div>TO 29.5 klo.18.00 Koskenharjun kentt\u00e4<\/div>\n<div>Jyv\u00e4skyl\u00e4n Valo &#8211; Jyv\u00e4skyl\u00e4n Lohi<\/div>\n<div>\u00a0<\/div>\n<div>To 5.6 klo.18.30 Koskenharjun kentt\u00e4<\/div>\n<div>Jyv\u00e4skyl\u00e4n Valo &#8211; Jyv\u00e4skyl\u00e4n seudun palloseura<\/div>\n<div>\u00a0<\/div>\n<div>Su 29.6 klo.18.00 Yrttisuon pes\u00e4pallokentt\u00e4<\/div>\n<div>Jyv\u00e4skyl\u00e4n Valo &#8211; Uuraisten Urheilijat<\/div>\n<div>\u00a0<\/div>\n<div>Su 6.7 klo.16.00 Yrttisuon pes\u00e4pallokentt\u00e4<\/div>\n<div>Jyv\u00e4skyl\u00e4n Lohi &#8211; Jyv\u00e4skyl\u00e4n Valo<\/div>\n<div>\u00a0<\/div>\n<div>La 19.7 klo.12.00 Yrttisuon pes\u00e4pallokentt\u00e4<\/div>\n<div>Jyv\u00e4skyl\u00e4n seudun palloseura &#8211; Jyv\u00e4skyl\u00e4n Valo<\/div>\n<div>\u00a0<\/div>\n<div>Su 3.8 klo.17.00 Yrttisuon pes\u00e4pallokentt\u00e4<\/div>\n<div>Jyv\u00e4skyl\u00e4n Valo &#8211; Jyv\u00e4skyl\u00e4n Kiri 2<\/div>\n<div>\u00a0<\/div>\n<div>Pe 8.8 klo.18.00 Uuraisten pes\u00e4pallokentt\u00e4<\/div>\n<div>Uuraisten Urheilijat &#8211; Jyv\u00e4skyl\u00e4n Valo<\/div>\n<div>\u00a0<\/div>\n<div>Su 17.8 klo.12.00 Hippoksen pes\u00e4pallostadion<\/div>\n<div>Jyv\u00e4skyl\u00e4n Kiri 2 &#8211; Jyv\u00e4skyl\u00e4n Valo<\/div>\n<div>\n<div class=\"series-matches content-box\">\n<div class=\"heading-row\">\n<h2>\u00a0<\/h2>\n<\/div>\n<\/div>\n<div class=\"series-matches content-box\">\n<div class=\"matches\">\n<div class=\"matches-list-match indx--1 small\">\n<div class=\"flexbox flexbox-center pos-relative\">\n<div class=\"match-information\">\n<div class=\"home-team match-team\">\n<h3 class=\"match-team-name\">\u00a0<\/h3>\n<\/div>\n<div class=\"away-team match-team\">\n<div class=\"match-team-name\"><span class=\"lg\">\u00a0<\/span><\/div>\n<\/div>\n<\/div>\n<\/div>\n<\/div>\n<\/div>\n<\/div>\n<\/div>\n<h2>Kes\u00e4 2022<\/h2>\n<p>Kes\u00e4n ajan harjoitukset Yrttisuon pes\u00e4pallokent\u00e4ll\u00e4 torstaisin klo.20.15-21.30.<\/p>\n<p>Keski-Suomen kuntopesis pelit 2022<\/p>\n<p><strong>Kotipelit Yrttisuolla<\/strong><br \/>19.6 Valo &#8211; Kiri2 klo.15.00<br \/>3.7 Valo &#8211; Kisapurren pesis klo. 16.00<br \/>17.7 Valo &#8211; JPS klo. 15.00<br \/>7.8 Valo &#8211; Lohi akatemia klo.16.30<br \/>14.8 Valo- Uuraisten urheilijat klo.15.00<\/p>\n<p><strong>Vieraspelit<\/strong><br \/>15.6 Kisapurren pesis &#8211; Valo klo.18.00 Lievestuoreen liikuntapuisto<br \/>21.6 Uuraisten urheilijat &#8211; Valo klo.18.00 Uurainen, Keskusurheilukentt\u00e4<br \/>10.7 JPS -Valo klo.17.00 Yrttisuon pes\u00e4pallokentt\u00e4<br \/>31.7 Kiri2 &#8211; Valo klo.18.00 Koskenharju<br \/>21.8 Lohi akatemia &#8211; Valo klo.15.00 Koskenharju<\/p>\n<p>Miehet osallistuu t\u00e4n\u00e4 kes\u00e4n\u00e4 Keski-Suomen kuntopesis sarjaan johon sis\u00e4ltyy pelej\u00e4 pitkin kes\u00e4\u00e4 ja lopputurnaus. Jos et halua pelata sarjassa niin voit my\u00f6s osallistua vain harjoituksiin.<br \/>Voit tulla tutustumaan muutamiin ensimm\u00e4isiin harjoituksiin maksutta.<\/p>\n<p>Valon ukkojen yhteyshenkil\u00f6t:<br \/>Mikko Koskinen- Joukkueenjohtaja. olavi90@outlook.com puh.nro 040 8674337<\/p>\n<h2>Kes\u00e4 2021<\/h2>\n<p>Toukokuun ajan treenit keskiviikkoisin klo 19 Yrttisuon pes\u00e4pallokent\u00e4ll\u00e4. Jatkuu kes\u00e4kuussa to klo 20:15-21:30 ja sunnuntaisin 16.5 alkaen klo18:15 -19:30. Mukaasi tarvitset v\u00e4hint\u00e4\u00e4n oman r\u00e4pyl\u00e4n, muita varusteita saa lainaan seuralta.<\/p>\n<p>Harjoituspeli 30.5 klo 18.00 Valo &#8211; JPS 2-0 (5-2, 14-2)<\/p>\n<p>Miesten Kuntopesis varmistuneet pelit:<\/p>\n<p><strong>Kotipelit Yrttisuolla.<\/strong><br \/>Su 4.7 klo 19 Valo-Riemu <a href=\"https:\/\/www.pesistulospalvelu.fi\/sites\/default\/files\/poytakirjat\/92853.jpg\">2-0<\/a> (20-7, 5-4)<br \/>Su 11.7 klo 18 Valo-laukaa <a href=\"https:\/\/www.pesistulospalvelu.fi\/sites\/default\/files\/poytakirjat\/92855.jpg\">0-2<\/a> (4-11, 3-18)<br \/>15.8 klo 17 Valo-Lohi <a href=\"https:\/\/www.pesistulospalvelu.fi\/sites\/default\/files\/poytakirjat\/92862.jpg\">0-2<\/a> (2-12, 1-11)<br \/>22.8 klo 18:30 Valo-JPS 2-0 (7-6, 5-2)<\/p>\n<p><strong>Vieraspelit<\/strong><br \/>30.6 klo 18 JPS- Valo <a href=\"https:\/\/www.pesistulospalvelu.fi\/ottelut\/237\/1760\/8826\">1-2<\/a> (10-12, 7-5, 2-3)<br \/>8.8 koskenharju klo 14 Lohi-Valo 2-0 (9-0, 10-1)<br \/>11.8 hippos klo 18 Riemu &#8211; Valo 0-2 (5-7, 7-17)<br \/>24.8 Lievestuore klo 18 Laukaa-Valo 2-0 (8-2, 6-1)<\/p>\n<p>4.9 Final Four v\u00e4lier\u00e4 yrttisuo<br \/>Klo 09.00 Lu-Valo<\/p>\n<h2>Kes\u00e4 2020<\/h2>\n<p>Kes\u00e4ll\u00e4 2020 Valon miehet osallistuivat Keski-Suomen Kuntopesikseen.<\/p>\n<h2>Kes\u00e4 2019<\/h2>\n<p>Kes\u00e4ll\u00e4 2019 pelattiin Yrttisuolla miesten piirisarjaa. Miesten piirisarjan joukkue harjoitteli Yrttisuolla kerran viikossa.<\/p>\n<h2>Kes\u00e4 2018<\/h2>\n<p><strong>Valon miesten piirisarjan kotiottelut kaudella 2018<\/strong><\/p>\n<p><em>29.5 klo 18.30 Valo &#8211; Liikunnan Riemu 0-2 (5-13, 4-14)<\/em><br \/><em>12.6 klo 18.30 Valo \u2013 Sporttiukot 1-2 (7-4, 4-13, 0-1)<\/em><br \/><em>18.7 klo 18.30 Valo \u2013 Kiri 0-2 (5-9, 2-11)<\/em><br \/><em>30.8 klo 18.30 Valo \u2013 Uurainen 1-2 (6-1, 0-10, 0-0, 2-3)<\/em><\/p>\n<p>Sarjataulukon l\u00f6yd\u00e4t <a href=\"https:\/\/www.pesistulospalvelu.fi\/ottelut\/112\/1032\/6058\">t\u00e4\u00e4lt\u00e4<\/a><\/p>\n<h2>Kes\u00e4 2017<\/h2>\n<p>Kes\u00e4ll\u00e4 2017 pelattiin Yrttisuolla miesten suomensarjaa it\u00e4lohkossa sek\u00e4 piirisarjaa.<\/p>\n<p><strong>Valon miesten suomensarjan ottelut kaudella 2017<\/strong><\/p>\n<p><em><strong>La 13.5.2017 klo. 13.00 Valo &#8211; Joensuun Maila<\/strong>\u00a0\u00a0\u00a0\u00a0\u00a0\u00a0\u00a0\u00a0\u00a0\u00a0\u00a0\u00a0\u00a0\u00a0\u00a0\u00a0 <\/em>0-2 (1-7, 2-10) <span style=\"text-decoration: underline;\"><a href=\"http:\/\/www.jyvaskylanvalo.net\/?p=996&amp;preview=true\">Otteluraportti<\/a><\/span><br \/><em>La 20.5.2017 klo. 16.00 Kiteen Pallo &#8211; Valo\u00a0\u00a0\u00a0\u00a0\u00a0\u00a0\u00a0\u00a0\u00a0\u00a0\u00a0\u00a0\u00a0\u00a0\u00a0\u00a0\u00a0\u00a0\u00a0\u00a0\u00a0<\/em> 2-0 (5-3, 9-7) <a href=\"http:\/\/www.pesistulokset.fi\/cgi-bin\/tilastot\/ottelu2.py?data=28-8-9&amp;id=30056\"><span style=\"text-decoration: underline;\">Tilastot<\/span><\/a><br \/><em> Su 21.5.2017 klo. 15.00 Joensuun Maila &#8211; Valo\u00a0\u00a0\u00a0\u00a0\u00a0\u00a0\u00a0\u00a0\u00a0\u00a0\u00a0\u00a0\u00a0\u00a0\u00a0\u00a0\u00a0 <\/em>2-0 (7-2, 8-6) <span style=\"text-decoration: underline;\"><a href=\"http:\/\/www.pesistulokset.fi\/cgi-bin\/tilastot\/ottelu2.py?data=28-8-9&amp;id=30078\">Tilastot<\/a><\/span><br \/><em> <strong>Ke 24.5.2017 klo. 18.00 Valo &#8211; Puurtilan Kisa-Pojat <\/strong><\/em><strong>\u00a0\u00a0\u00a0\u00a0\u00a0\u00a0\u00a0\u00a0\u00a0\u00a0 2-1<\/strong> (9-4, 3-4, 2-2, 4-2) <span style=\"text-decoration: underline;\"><a href=\"http:\/\/www.jyvaskylanvalo.net\/?p=1029\">Otteluraportti<\/a><\/span><br \/><em>Su 28.5.2017 klo. 16.00 Juvan Nuorisopesis &#8211; Valo <\/em>\u00a0\u00a0\u00a0\u00a0\u00a0\u00a0\u00a0\u00a0\u00a0\u00a0\u00a0\u00a0 2-0 (4-3, 18-5) <span style=\"text-decoration: underline;\"><a href=\"http:\/\/www.pesistulokset.fi\/cgi-bin\/tilastot\/ottelu2.py?data=28-8-9&amp;id=30171\">Tilastot<\/a><\/span><br \/><strong><em>To 8.6.2017 klo. 18.00 Valo &#8211; Puijon Pesis\u00a0<\/em>\u00a0\u00a0\u00a0\u00a0\u00a0 \u00a0 \u00a0 \u00a0 \u00a0 \u00a0 \u00a0 \u00a0 2-1 <\/strong>(3-11, 5-3, 1-0) <span style=\"text-decoration: underline;\"><a href=\"http:\/\/www.pesistulokset.fi\/cgi-bin\/tilastot\/ottelu2.py?data=28-8-9&amp;id=30275\">Tilastot<\/a><\/span><br \/><strong><em> Su 11.6.2017 klo. 13.00 Valo &#8211; Kouvolan Pallonly\u00f6j\u00e4t<\/em>\u00a0\u00a0\u00a0\u00a0\u00a0\u00a0\u00a0\u00a0\u00a0 <\/strong>0-2 (3-8, 4-5) <a href=\"http:\/\/www.pesistulokset.fi\/cgi-bin\/tilastot\/onlineottelu.py?data=28-8-0&amp;id=30319t\"> <span style=\"text-decoration: underline;\">Tilastot <\/span><\/a> <span style=\"text-decoration: underline;\"><a href=\"http:\/\/www.jyvaskylanvalo.net\/?p=1116&amp;preview=true\">Otteluraportti<\/a><\/span><br \/><em>La 17.6.2017 klo. 14.00 Lahden Maila-Veikot &#8211; Valo\u00a0\u00a0\u00a0\u00a0\u00a0\u00a0\u00a0\u00a0\u00a0\u00a0\u00a0\u00a0 <\/em>2-0 (8-5, 13-2) <span style=\"text-decoration: underline;\"><a href=\"http:\/\/www.pesistulokset.fi\/cgi-bin\/tilastot\/ottelu2.py?data=28-8-9&amp;id=30385\">Tilastot<\/a><\/span><br \/><em> Ti 4.7.2017 klo. 18.00 Puijon Pesis &#8211; Valo\u00a0\u00a0\u00a0\u00a0\u00a0\u00a0\u00a0\u00a0\u00a0\u00a0\u00a0\u00a0\u00a0 <\/em>\u00a0\u00a0\u00a0\u00a0\u00a0\u00a0\u00a0\u00a0 2-0 (22-3, 12-3) <span style=\"text-decoration: underline;\"><a href=\"http:\/\/www.pesistulokset.fi\/cgi-bin\/tilastot\/ottelu2.py?data=28-8-9&amp;id=30591\">Tilastot<\/a><\/span><br \/><em><strong>La 8.7.2017 klo. 13.00 Valo &#8211; Lahden Maila-Veikot<\/strong><\/em>\u00a0\u00a0\u00a0\u00a0\u00a0\u00a0\u00a0\u00a0\u00a0\u00a0\u00a0 0-2 (0-17, 2-11) <a href=\"http:\/\/www.pesistulokset.fi\/cgi-bin\/tilastot\/ottelu2.py?data=28-8-9&amp;id=30639\"><span style=\"text-decoration: underline;\">Tilastot<\/span><\/a><br \/><em>Su 16.7.2017 klo. 14.00 Kouvolan Pallonly\u00f6j\u00e4t &#8211; Valo\u00a0\u00a0\u00a0\u00a0\u00a0\u00a0\u00a0\u00a0\u00a0\u00a0 <\/em>2-0 (8-0, 17-1) <span style=\"text-decoration: underline;\"><a href=\"http:\/\/www.pesistulokset.fi\/cgi-bin\/tilastot\/ottelu2.py?data=28-8-9&amp;id=30738\">Tilastot<\/a><\/span><br \/><strong><em>Ke 19.7.2017 klo. 18.00 Valo &#8211;\u00a0 Puijon Pesis\u00a0\u00a0<\/em>\u00a0\u00a0\u00a0\u00a0\u00a0\u00a0\u00a0\u00a0\u00a0\u00a0\u00a0\u00a0\u00a0\u00a0\u00a0 <\/strong>0-2 (4-7, 1-10) <a href=\"http:\/\/www.pesistulokset.fi\/cgi-bin\/tilastot\/ottelu2.py?data=28-8-9&amp;id=30760\"><span style=\"text-decoration: underline;\">Tilastot<\/span><\/a> <a href=\"http:\/\/www.jyvaskylanvalo.net\/?p=1305\"><span style=\"text-decoration: underline;\">Otteluraportti<\/span><\/a><br \/><em> <strong>Pe 4.8.2017 klo. 18.00 Valo &#8211; Kiteen Pallo-90<\/strong><\/em><strong>\u00a0\u00a0\u00a0\u00a0\u00a0\u00a0\u00a0\u00a0\u00a0\u00a0\u00a0 <\/strong>\u00a0\u00a0\u00a0\u00a0 0-1 (5-5, 1-6) <a href=\"http:\/\/www.pesistulokset.fi\/cgi-bin\/tilastot\/ottelu2.py?data=28-8-9&amp;id=30852\"><span style=\"text-decoration: underline;\">Tilastot<\/span><\/a><br \/><em>La 5.8.2017 klo. 16.00 Puurtilan Kisa-Pojat &#8211; Valo\u00a0\u00a0\u00a0\u00a0\u00a0\u00a0\u00a0\u00a0\u00a0\u00a0\u00a0\u00a0\u00a0 <\/em>2-1 (3 &#8211; 6,\u00a0 11 &#8211; 4,\u00a0 0 &#8211; 0,\u00a0 3 &#8211; 2) <span style=\"text-decoration: underline;\"><a href=\"http:\/\/www.pesistulokset.fi\/cgi-bin\/tilastot\/ottelu2.py?data=28-8-9&amp;id=30917\">Tilastot<\/a><\/span><br \/><strong><em>Ke 9.8.2017 klo. 18.00 Valo &#8211; Juvan Nuorisopesis<\/em>\u00a0\u00a0\u00a0\u00a0\u00a0\u00a0\u00a0\u00a0\u00a0\u00a0\u00a0 <\/strong>0-2 (2-10, 0-6) <a href=\"http:\/\/www.pesistulokset.fi\/cgi-bin\/tilastot\/ottelu2.py?data=28-8-9&amp;id=31027\"><span style=\"text-decoration: underline;\">Tilastot<\/span><\/a><br \/><em>La 12.8.2017 klo. 17.30 Puijon Pesis &#8211; Valo\u00a0\u00a0\u00a0\u00a0\u00a0\u00a0\u00a0\u00a0\u00a0\u00a0\u00a0\u00a0\u00a0\u00a0\u00a0\u00a0\u00a0\u00a0\u00a0 <\/em>2-0 (32-0, 21-2) <span style=\"text-decoration: underline;\"><a href=\"http:\/\/www.pesistulokset.fi\/cgi-bin\/tilastot\/ottelu2.py?data=28-8-9&amp;id=30834\">Tilastot<\/a><\/span><\/p>\n\n\n<p><\/p>\n","protected":false},"excerpt":{"rendered":"<p>Kes\u00e4 2025 Valon miehet treenailee torstaisin klo.18.30-19.45 Koskenharjun kent\u00e4ll\u00e4. Joukkue osallistuu Keski-Suomen miesten kuntopesikseen.\u00a0 \u00a0 Uudet pelaajat ovat tervetulleita ja mukaan p\u00e4\u00e4see matalalla kynnyksell\u00e4, et siis tarvitse aikaisempaa kokemusta pes\u00e4pallosta! \u00a0 Kausimaksu tulee kes\u00e4n aikana olemaan yhteens\u00e4 50-150\u20ac (lopullinen maksu m\u00e4\u00e4r\u00e4ytyy kun tiedet\u00e4\u00e4n kes\u00e4n pelien ja pelaajien m\u00e4\u00e4r\u00e4). Lis\u00e4ksi seuran j\u00e4senmaksu 20\u20ac\/ kalenterivuosi. \u00a0 Voit<\/p>\n<p><a class=\"read-more\" href=\"https:\/\/www.jyvaskylanvalo.net\/?page_id=290\"> Lue lis&auml;&auml;<\/a><\/p>\n","protected":false},"author":1,"featured_media":0,"parent":0,"menu_order":0,"comment_status":"closed","ping_status":"closed","template":"","meta":{"_mi_skip_tracking":false,"_exactmetrics_sitenote_active":false,"_exactmetrics_sitenote_note":"","_exactmetrics_sitenote_category":0},"_links":{"self":[{"href":"https:\/\/www.jyvaskylanvalo.net\/index.php?rest_route=\/wp\/v2\/pages\/290"}],"collection":[{"href":"https:\/\/www.jyvaskylanvalo.net\/index.php?rest_route=\/wp\/v2\/pages"}],"about":[{"href":"https:\/\/www.jyvaskylanvalo.net\/index.php?rest_route=\/wp\/v2\/types\/page"}],"author":[{"embeddable":true,"href":"https:\/\/www.jyvaskylanvalo.net\/index.php?rest_route=\/wp\/v2\/users\/1"}],"replies":[{"embeddable":true,"href":"https:\/\/www.jyvaskylanvalo.net\/index.php?rest_route=%2Fwp%2Fv2%2Fcomments&post=290"}],"version-history":[{"count":83,"href":"https:\/\/www.jyvaskylanvalo.net\/index.php?rest_route=\/wp\/v2\/pages\/290\/revisions"}],"predecessor-version":[{"id":4070,"href":"https:\/\/www.jyvaskylanvalo.net\/index.php?rest_route=\/wp\/v2\/pages\/290\/revisions\/4070"}],"wp:attachment":[{"href":"https:\/\/www.jyvaskylanvalo.net\/index.php?rest_route=%2Fwp%2Fv2%2Fmedia&parent=290"}],"curies":[{"name":"wp","href":"https:\/\/api.w.org\/{rel}","templated":true}]}}