{"id":286,"date":"2016-07-11T16:26:43","date_gmt":"2016-07-11T13:26:43","guid":{"rendered":"http:\/\/www.jyvaskylanvalo.net\/wordpress\/?page_id=286"},"modified":"2023-10-08T13:22:28","modified_gmt":"2023-10-08T10:22:28","slug":"pesapallo","status":"publish","type":"page","link":"https:\/\/www.jyvaskylanvalo.net\/?page_id=286","title":{"rendered":"Pes\u00e4pallo"},"content":{"rendered":"<p>Kes\u00e4ll\u00e4 2023 Jyv\u00e4skyl\u00e4n Valo osallistuu seuraaviin sarjoihin:<br \/>\n&#8211; Miesten kuntopesikseen<\/p>\n<p>Sekapesisjoukkue osallistui kes\u00e4ll\u00e4 Keski-Suomen Sekapesisksen sarjaan sijoittuen 3.<\/p>\n<p>joukkue ei harjoittele talvella,\u00a0 kun ei ole tiloja. Etsit\u00e4\u00e4n Lukkareita sek\u00e4 uusia pelaajia joilla ei ole superpesis,ykk\u00f6spesistaustaa tai on joskus nuorempana lopettanut ja etsii uudestaan kipin\u00e4\u00e4.\u00a0\u00a0\u00a0\u00a0\u00a0\u00a0\u00a0\u00a0\u00a0\u00a0\u00a0\u00a0\u00a0\u00a0\u00a0 Yhteystiedot: harjukimmo@elisanet.fi<\/p>\n<p>Naisten joukkue ei osallistu kes\u00e4ll\u00e4 2023 maakuntasarjaan, mutta reenailee 1-2 krt viikossa.<\/p>\n<p>Lis\u00e4ksi Valo j\u00e4rjest\u00e4\u00e4 naisten harrastepesist\u00e4, jossa reenej\u00e4 on 1-3 kertaa viikossa ja kes\u00e4 huipentuu harrastepesisturnaukseen.<\/p>\n<p>Mik\u00e4li pelaaminen tai harjoitteleminen Valossa kiinnostaa, voit ottaa yhteytt\u00e4 miesten joukkueiden osalta Mikko Koskiseen p. <span class=\"_3oh- _58nk\">0408674337<\/span> ja naisten joukkueen osalta voit laittaa s\u00e4hk\u00f6postia osoitteeseen jyvaskylanvalo@gmail.com<\/p>\n<p><img class=\"alignright size-full wp-image-1632\" src=\"http:\/\/www.jyvaskylanvalo.net\/wp-content\/uploads\/2016\/07\/Valo_miehet_4.8.jpg\" alt=\"\" width=\"%\" srcset=\"https:\/\/www.jyvaskylanvalo.net\/wp-content\/uploads\/2016\/07\/Valo_miehet_4.8.jpg 1200w, https:\/\/www.jyvaskylanvalo.net\/wp-content\/uploads\/2016\/07\/Valo_miehet_4.8-300x146.jpg 300w, https:\/\/www.jyvaskylanvalo.net\/wp-content\/uploads\/2016\/07\/Valo_miehet_4.8-768x373.jpg 768w, https:\/\/www.jyvaskylanvalo.net\/wp-content\/uploads\/2016\/07\/Valo_miehet_4.8-1024x497.jpg 1024w\" sizes=\"(max-width: 1200px) 100vw, 1200px\" \/><\/p>\n","protected":false},"excerpt":{"rendered":"<p>Kes\u00e4ll\u00e4 2023 Jyv\u00e4skyl\u00e4n Valo osallistuu seuraaviin sarjoihin: &#8211; Miesten kuntopesikseen Sekapesisjoukkue osallistui kes\u00e4ll\u00e4 Keski-Suomen Sekapesisksen sarjaan sijoittuen 3. joukkue ei harjoittele talvella,\u00a0 kun ei ole tiloja. Etsit\u00e4\u00e4n Lukkareita sek\u00e4 uusia pelaajia joilla ei ole superpesis,ykk\u00f6spesistaustaa tai on joskus nuorempana lopettanut ja etsii uudestaan kipin\u00e4\u00e4.\u00a0\u00a0\u00a0\u00a0\u00a0\u00a0\u00a0\u00a0\u00a0\u00a0\u00a0\u00a0\u00a0\u00a0\u00a0 Yhteystiedot: harjukimmo@elisanet.fi Naisten joukkue ei osallistu kes\u00e4ll\u00e4 2023 maakuntasarjaan, mutta reenailee<\/p>\n<p><a class=\"read-more\" href=\"https:\/\/www.jyvaskylanvalo.net\/?page_id=286\"> Lue lis&auml;&auml;<\/a><\/p>\n","protected":false},"author":1,"featured_media":0,"parent":0,"menu_order":0,"comment_status":"closed","ping_status":"closed","template":"","meta":{"_mi_skip_tracking":false,"_exactmetrics_sitenote_active":false,"_exactmetrics_sitenote_note":"","_exactmetrics_sitenote_category":0},"_links":{"self":[{"href":"https:\/\/www.jyvaskylanvalo.net\/index.php?rest_route=\/wp\/v2\/pages\/286"}],"collection":[{"href":"https:\/\/www.jyvaskylanvalo.net\/index.php?rest_route=\/wp\/v2\/pages"}],"about":[{"href":"https:\/\/www.jyvaskylanvalo.net\/index.php?rest_route=\/wp\/v2\/types\/page"}],"author":[{"embeddable":true,"href":"https:\/\/www.jyvaskylanvalo.net\/index.php?rest_route=\/wp\/v2\/users\/1"}],"replies":[{"embeddable":true,"href":"https:\/\/www.jyvaskylanvalo.net\/index.php?rest_route=%2Fwp%2Fv2%2Fcomments&post=286"}],"version-history":[{"count":19,"href":"https:\/\/www.jyvaskylanvalo.net\/index.php?rest_route=\/wp\/v2\/pages\/286\/revisions"}],"predecessor-version":[{"id":3926,"href":"https:\/\/www.jyvaskylanvalo.net\/index.php?rest_route=\/wp\/v2\/pages\/286\/revisions\/3926"}],"wp:attachment":[{"href":"https:\/\/www.jyvaskylanvalo.net\/index.php?rest_route=%2Fwp%2Fv2%2Fmedia&parent=286"}],"curies":[{"name":"wp","href":"https:\/\/api.w.org\/{rel}","templated":true}]}}