{"id":2455,"date":"2019-01-18T20:24:39","date_gmt":"2019-01-18T18:24:39","guid":{"rendered":"http:\/\/www.jyvaskylanvalo.net\/?page_id=2455"},"modified":"2022-03-27T22:02:39","modified_gmt":"2022-03-27T19:02:39","slug":"lacrosse","status":"publish","type":"page","link":"https:\/\/www.jyvaskylanvalo.net\/?page_id=2455","title":{"rendered":"Lacrosse"},"content":{"rendered":"\n<p>Valon naisten joukkue, Valon Queens, pelaa lacrossen SM-sarjaa. Joukkueeseen kaivataan uusia pelaajia, mukaan voi tulla my\u00f6s harrastusmieless\u00e4.<\/p>\n\n\n\n<p>Tule rohkeasti kokeilemaan t\u00e4t\u00e4 vauhdikasta lajia!<\/p>\n\n\n\n<p>Lis\u00e4tietoja: jyvaskylanvalo@gmail.com<br>Ota joukkue seurantaan Instagramissa: https:\/\/www.instagram.com\/valonqueens<\/p>\n\n\n\n<p><strong>Mik\u00e4 lacrosse?<\/strong><\/p>\n\n\n\n<p>Lacrosse on ikivanha Pohjois-Amerikan intiaanien pallopeli ja Kanadan kansallispeli (jo vuodesta 1859). Alkujaan peli\u00e4 pelasivat l\u00e4hes kaikki nykyisten USA:n ja Kanadan alueen intiaaniheimot. Ensimm\u00e4iset eurooppalaiset, jotka olivat kosketuksissa lacrossen kanssa, olivat ranskalaisia l\u00e4hetyssaarnaajia, jotka antoivat pelille sen nykyisen nimen lacrosse (la crosse = piispan sauva).<\/p>\n\n\n\n<p>Lacrosse on jo yli kymmenen vuotta ollut Pohjois-Amerikan nopeimmin kasvava urheilulaji. T\u00e4m\u00e4 nopea kasvu on tarttunut my\u00f6s Eurooppaan, jossa uusia maita on tullut kiihtyv\u00e4ll\u00e4 vauhdilla lajin pariin. Suomeen lacrosse saapui virallisesti kes\u00e4ll\u00e4 2001, jolloin aloitti toimintansa Suomen Lacrosseliitto ry ja Jyv\u00e4skyl\u00e4ss\u00e4kin lacrossea on ehditty harrastaa menestyksekk\u00e4\u00e4sti jo yli 10 vuoden ajan.<\/p>\n\n\n\n<p>Lis\u00e4tietoa lajista l\u00f6yd\u00e4t Suomen Lacrosseliiton sivuilta osoitteesta <a href=\"https:\/\/www.lacrosse.fi\/\">https:\/\/www.lacrosse.fi\/<\/a><\/p>\n\n\n\n<figure class=\"wp-block-image size-large\"><img src=\"http:\/\/www.jyvaskylanvalo.net\/wp-content\/uploads\/2022\/03\/WhatsApp-Image-2022-03-23-at-11.00.03.jpeg\" alt=\"\" width=\"100%\" class=\"wp-image-3702\" srcset=\"https:\/\/www.jyvaskylanvalo.net\/wp-content\/uploads\/2022\/03\/WhatsApp-Image-2022-03-23-at-11.00.03.jpeg 1024w, https:\/\/www.jyvaskylanvalo.net\/wp-content\/uploads\/2022\/03\/WhatsApp-Image-2022-03-23-at-11.00.03-300x225.jpeg 300w, https:\/\/www.jyvaskylanvalo.net\/wp-content\/uploads\/2022\/03\/WhatsApp-Image-2022-03-23-at-11.00.03-768x576.jpeg 768w\" sizes=\"(max-width: 1024px) 100vw, 1024px\" \/> <\/figure>\n","protected":false},"excerpt":{"rendered":"<p>Valon naisten joukkue, Valon Queens, pelaa lacrossen SM-sarjaa. Joukkueeseen kaivataan uusia pelaajia, mukaan voi tulla my\u00f6s harrastusmieless\u00e4. Tule rohkeasti kokeilemaan t\u00e4t\u00e4 vauhdikasta lajia! Lis\u00e4tietoja: jyvaskylanvalo@gmail.comOta joukkue seurantaan Instagramissa: https:\/\/www.instagram.com\/valonqueens Mik\u00e4 lacrosse? Lacrosse on ikivanha Pohjois-Amerikan intiaanien pallopeli ja Kanadan kansallispeli (jo vuodesta 1859). Alkujaan peli\u00e4 pelasivat l\u00e4hes kaikki nykyisten USA:n ja Kanadan alueen intiaaniheimot. Ensimm\u00e4iset<\/p>\n<p><a class=\"read-more\" href=\"https:\/\/www.jyvaskylanvalo.net\/?page_id=2455\"> Lue lis&auml;&auml;<\/a><\/p>\n","protected":false},"author":1,"featured_media":0,"parent":0,"menu_order":0,"comment_status":"closed","ping_status":"closed","template":"","meta":{"_mi_skip_tracking":false,"_exactmetrics_sitenote_active":false,"_exactmetrics_sitenote_note":"","_exactmetrics_sitenote_category":0},"_links":{"self":[{"href":"https:\/\/www.jyvaskylanvalo.net\/index.php?rest_route=\/wp\/v2\/pages\/2455"}],"collection":[{"href":"https:\/\/www.jyvaskylanvalo.net\/index.php?rest_route=\/wp\/v2\/pages"}],"about":[{"href":"https:\/\/www.jyvaskylanvalo.net\/index.php?rest_route=\/wp\/v2\/types\/page"}],"author":[{"embeddable":true,"href":"https:\/\/www.jyvaskylanvalo.net\/index.php?rest_route=\/wp\/v2\/users\/1"}],"replies":[{"embeddable":true,"href":"https:\/\/www.jyvaskylanvalo.net\/index.php?rest_route=%2Fwp%2Fv2%2Fcomments&post=2455"}],"version-history":[{"count":20,"href":"https:\/\/www.jyvaskylanvalo.net\/index.php?rest_route=\/wp\/v2\/pages\/2455\/revisions"}],"predecessor-version":[{"id":3708,"href":"https:\/\/www.jyvaskylanvalo.net\/index.php?rest_route=\/wp\/v2\/pages\/2455\/revisions\/3708"}],"wp:attachment":[{"href":"https:\/\/www.jyvaskylanvalo.net\/index.php?rest_route=%2Fwp%2Fv2%2Fmedia&parent=2455"}],"curies":[{"name":"wp","href":"https:\/\/api.w.org\/{rel}","templated":true}]}}