{"id":2180,"date":"2018-09-05T23:25:53","date_gmt":"2018-09-05T20:25:53","guid":{"rendered":"http:\/\/www.jyvaskylanvalo.net\/?page_id=2180"},"modified":"2023-10-01T20:02:31","modified_gmt":"2023-10-01T17:02:31","slug":"lasten-kerhot","status":"publish","type":"page","link":"https:\/\/www.jyvaskylanvalo.net\/?page_id=2180","title":{"rendered":"Kerhot"},"content":{"rendered":"<div>Lapsille<\/div>\n<div><\/div>\n<div>Valo j\u00e4rjest\u00e4\u00e4 maksuttoman lasten liikuntakerhon, toiminta alkaa 1.10.2023<\/div>\n<div><\/div>\n<div>Liikuntakerho j\u00e4rjestet\u00e4\u00e4n Tikan Koululla (toritie 22), aina sunnuntaisin 16.45-18.00 v\u00e4lisen\u00e4 aikana. Kerho on tarkoitettu 5-9 vuotiaille lapsille.<\/div>\n<div><\/div>\n<div>Kerhon uudet ohjaajat ovat Yuli Paz ja Suvi H\u00f6ltt\u00e4.<\/div>\n<div><\/div>\n<div>Ohjaajat tavoittaa s\u00e4hk\u00f6postitse, jonka kautta voi kysy\u00e4 lis\u00e4\u00e4:<\/div>\n<div><a class=\"mailto-link\" href=\"mailto:yuli_andrea_paz@hotmail,\" target=\"_blank\" rel=\"noopener\">yuli_andrea_paz@hotmail,<\/a><\/div>\n<div class=\"default-style\"><a class=\"mailto-link\" href=\"mailto:suvimari.holtta@gmail.com\" target=\"_blank\" rel=\"noopener\">suvimari.holtta@gmail.com<\/a><\/div>\n","protected":false},"excerpt":{"rendered":"<p>Lapsille Valo j\u00e4rjest\u00e4\u00e4 maksuttoman lasten liikuntakerhon, toiminta alkaa 1.10.2023 Liikuntakerho j\u00e4rjestet\u00e4\u00e4n Tikan Koululla (toritie 22), aina sunnuntaisin 16.45-18.00 v\u00e4lisen\u00e4 aikana. Kerho on tarkoitettu 5-9 vuotiaille lapsille. Kerhon uudet ohjaajat ovat Yuli Paz ja Suvi H\u00f6ltt\u00e4. Ohjaajat tavoittaa s\u00e4hk\u00f6postitse, jonka kautta voi kysy\u00e4 lis\u00e4\u00e4: yuli_andrea_paz@hotmail, suvimari.holtta@gmail.com<\/p>\n","protected":false},"author":1,"featured_media":0,"parent":0,"menu_order":0,"comment_status":"closed","ping_status":"closed","template":"","meta":{"_mi_skip_tracking":false,"_exactmetrics_sitenote_active":false,"_exactmetrics_sitenote_note":"","_exactmetrics_sitenote_category":0},"_links":{"self":[{"href":"https:\/\/www.jyvaskylanvalo.net\/index.php?rest_route=\/wp\/v2\/pages\/2180"}],"collection":[{"href":"https:\/\/www.jyvaskylanvalo.net\/index.php?rest_route=\/wp\/v2\/pages"}],"about":[{"href":"https:\/\/www.jyvaskylanvalo.net\/index.php?rest_route=\/wp\/v2\/types\/page"}],"author":[{"embeddable":true,"href":"https:\/\/www.jyvaskylanvalo.net\/index.php?rest_route=\/wp\/v2\/users\/1"}],"replies":[{"embeddable":true,"href":"https:\/\/www.jyvaskylanvalo.net\/index.php?rest_route=%2Fwp%2Fv2%2Fcomments&post=2180"}],"version-history":[{"count":25,"href":"https:\/\/www.jyvaskylanvalo.net\/index.php?rest_route=\/wp\/v2\/pages\/2180\/revisions"}],"predecessor-version":[{"id":3901,"href":"https:\/\/www.jyvaskylanvalo.net\/index.php?rest_route=\/wp\/v2\/pages\/2180\/revisions\/3901"}],"wp:attachment":[{"href":"https:\/\/www.jyvaskylanvalo.net\/index.php?rest_route=%2Fwp%2Fv2%2Fmedia&parent=2180"}],"curies":[{"name":"wp","href":"https:\/\/api.w.org\/{rel}","templated":true}]}}