{"id":1885,"date":"2026-03-31T19:54:13","date_gmt":"2026-03-31T16:54:13","guid":{"rendered":"http:\/\/www.jyvaskylanvalo.net\/?page_id=1885"},"modified":"2026-04-01T07:48:43","modified_gmt":"2026-04-01T04:48:43","slug":"naiset-harrastepesis","status":"publish","type":"page","link":"https:\/\/www.jyvaskylanvalo.net\/?page_id=1885","title":{"rendered":"Naiset harrastepesis"},"content":{"rendered":"<h1>Kes\u00e4 2026<\/h1>\n<p>Kes\u00e4ll\u00e4 2026 Valo j\u00e4rjest\u00e4\u00e4 naisten harrastepesist\u00e4 per\u00e4ti jo yhdeks\u00e4tt\u00e4 kertaa! Valon naisten harrastepesiksess\u00e4 tavoitteena on pit\u00e4\u00e4 hauskaa matalalla kynnyksell\u00e4 pes\u00e4pallon parissa ja kuntoilla hyv\u00e4ss\u00e4 seurassa. Harrastepesikseen ovat kaikki tervetulleita ja seuralta saat tarvittaessa my\u00f6s v\u00e4lineit\u00e4 lainaan vuoron ajaksi!<\/p>\n<p><strong>Harrastepesiksen hinta<\/strong><\/p>\n<ul>\n<li aria-level=\"1\">\n<p>Kausimaksu 80 \u20ac sis. lainav\u00e4lineet, kentt\u00e4vuokrat, ohjaajat yms.<\/p>\n<\/li>\n<li aria-level=\"1\">\n<p>J\u00e4senmaksu 20 \u20ac \/ kalenterivuosi (lapset alle 15v 10 \u20ac)<\/p>\n<\/li>\n<li aria-level=\"1\">\n<p>Harrastelisenssi 10 \u20ac<\/p>\n<ul>\n<li aria-level=\"1\">\n<p>Lis\u00e4tietoja ja ohjeet ostamiseen l\u00f6yd\u00e4t t\u00e4\u00e4lt\u00e4 <a href=\"https:\/\/www.pesis.fi\/kilpailu\/lisenssit\/\">https:\/\/www.pesis.fi\/kilpailu\/lisenssit\/<\/a><\/p>\n<\/li>\n<li aria-level=\"2\">\n<p>Halutessasi voit ostaa vakuutuksen harrastelisenssin yhteydess\u00e4<\/p>\n<\/li>\n<\/ul>\n<\/li>\n<\/ul>\n<p>Muistathan, ett\u00e4 jokainen liikkuu vuoroilla omalla vastuulla, joten varmistathan vakuutuksiesi voimassaolon!<\/p>\n<p>Valon naisten harrastepesis py\u00f6r\u00e4ht\u00e4\u00e4 k\u00e4yntiin 19.5.2026 Yrttisuon kent\u00e4ll\u00e4 (Kekkolantie 18).\u00a0<br \/>Reenit py\u00f6riv\u00e4t toukokuun puolesta v\u00e4list\u00e4 elokuun loppuun (pl. juhannuksen j\u00e4lkeiset viikot 26-27)<\/p>\n<p>Vuorot j\u00e4rjestet\u00e4\u00e4n p\u00e4\u00e4s\u00e4\u00e4nt\u00f6isesti Yrttisuolla maanantaisin ja tiistaisin seuraavanlaisesti:<\/p>\n<ul>\n<li>Maanantaisin klo 19.45-21.00<\/li>\n<li>Tiistaisin klo 19.15-21.15 (v\u00e4lill\u00e4 voi olla kaksi 1h vuoroa, v\u00e4lill\u00e4 yksi pidempi vuoro)<\/li>\n<\/ul>\n<p>Muutokset ovat mahdollisia ja vuorojen m\u00e4\u00e4r\u00e4 voi vaihdella, mik\u00e4li vuoroja perutaan esim. kent\u00e4ll\u00e4 olevien pelien vuoksi yms.<\/p>\n<p>Reenien osallistujam\u00e4\u00e4rien rajoittaminen on mahdollista \u2013 pyrimme rajoituksilla varmistamaan turvallisen ja toimivan reeniymp\u00e4rist\u00f6n.<\/p>\n<p>Jos sinun on mahdollista sitoutua apuohjaajaksi (v\u00e4h. kuusi reenikertaa), saat kausimaksusta 20 euron alennuksen. Apuohjaajana toimiminen ei vaadi sinulta aiempaa ohjauskokemusta, mutta toivomme kokemusta harrastepesikseen osallistumisesta. Apuohjaajan teht\u00e4viin kuuluu p\u00e4\u00e4ohjaajan pyyt\u00e4m\u00e4t avustamiset, kuten ajanotto, tavaroiden vieminen paikasta toiseen ja muu ohjauskerran avustaminen.<\/p>\n<p>Maksut tulevat MyClubin kautta laskulla. Kausimaksussa (80\/60e) voit k\u00e4ytt\u00e4\u00e4 maksutapana tilisiirron lis\u00e4ksi my\u00f6s ePassia, Smartumia tai Edenredi\u00e4. Mik\u00e4li haluat k\u00e4ytt\u00e4\u00e4 kausimaksuun liikuntaetuutta, olethan yhteydess\u00e4 erillisi\u00e4 ohjeita varten. Huom! J\u00e4senmaksua ei voi maksaa ePassilla, Smartumilla eik\u00e4 Edenredill\u00e4! Kausi- ja j\u00e4senmaksu tulevat MyClubin kautta ja harrastelisenssin jokainen ostaa erikseen osoitteesta <a href=\"https:\/\/www.suomisport.fi\/\">https:\/\/www.suomisport.fi\/<\/a><\/p>\n<p>Ilmoittautuminen on nyt k\u00e4ynniss\u00e4. Ilmoittaudu mukaan <a href=\"https:\/\/forms.gle\/qvrh2EP7oEsrwZxC8\">t\u00e4\u00e4lt\u00e4.<\/a> Tervetuloviesti pyrit\u00e4\u00e4n l\u00e4hett\u00e4m\u00e4\u00e4n huhtikuun aikana tai ilmoittautumisesta kahden viikon sis\u00e4ll\u00e4, josta l\u00f6ytyy uusille osallistujille MyClubin liittymisohjeet.<\/p>\n<p>Mik\u00e4li haluat olla mukana ohjaamassa ja kehitt\u00e4m\u00e4ss\u00e4 Valon naisten harrastepesist\u00e4 kes\u00e4ll\u00e4 2026, laitahan viesti\u00e4 osoitteeseen jyvaskylanvalo@gmail.com tai Sini Siekkiselle 040 7455845<\/p>\n<h1>Kes\u00e4 2025<\/h1>\n<p>Valo j\u00e4rjesti kes\u00e4ll\u00e4 2025 harrastepesist\u00e4 ja osallistujia oli per\u00e4ti 72. Vuoroja j\u00e4rjestettiin 40 kpl ja osallistujam\u00e4\u00e4r\u00e4n keskiarvo oli 22 hl\u00f6\u00e4 per reenivuoro. Reenit py\u00f6riv\u00e4t toukokuun puolesta v\u00e4list\u00e4 elokuun loppuun.<\/p>\n<p>Valo j\u00e4rjesti perinteikk\u00e4\u00e4n naisten harrastepesisturnauksen lauantaina 30.8.2025 Yrttisuolla.\u00a0<\/p>\n<div class=\"x14z9mp xat24cr x1lziwak x1vvkbs xtlvy1s x126k92a\">\n<div dir=\"auto\"><strong>Tulokset<\/strong><\/div>\n<div dir=\"auto\">PuNaiset &#8211; Sinitarrat 7-9<\/div>\n<div dir=\"auto\">MustatMaijat &#8211; PuNaiset 9-10<\/div>\n<div dir=\"auto\">Sinitarrat &#8211; MustatMaijat 5-13<\/div>\n<div dir=\"auto\">Finaali MustatMaijat &#8211; PuNaiset 10-4<\/div>\n<div dir=\"auto\">\u00a0<\/div>\n<\/div>\n<div class=\"x14z9mp xat24cr x1lziwak x1vvkbs xtlvy1s x126k92a\">\n<div dir=\"auto\">Turnauksen voitti MustatMaijat, toiseksi tuli PuNaiset ja kolmanneksi Sinitarrat.<\/div>\n<div dir=\"auto\">\u00a0<\/div>\n<div dir=\"auto\"><img loading=\"lazy\" class=\"alignnone size-full wp-image-4082\" src=\"http:\/\/www.jyvaskylanvalo.net\/wp-content\/uploads\/2025\/11\/WhatsApp-Image-2025-11-02-at-19.02.58.jpeg\" alt=\"\" width=\"2048\" height=\"1536\" srcset=\"https:\/\/www.jyvaskylanvalo.net\/wp-content\/uploads\/2025\/11\/WhatsApp-Image-2025-11-02-at-19.02.58.jpeg 2048w, https:\/\/www.jyvaskylanvalo.net\/wp-content\/uploads\/2025\/11\/WhatsApp-Image-2025-11-02-at-19.02.58-300x225.jpeg 300w, https:\/\/www.jyvaskylanvalo.net\/wp-content\/uploads\/2025\/11\/WhatsApp-Image-2025-11-02-at-19.02.58-1024x768.jpeg 1024w, https:\/\/www.jyvaskylanvalo.net\/wp-content\/uploads\/2025\/11\/WhatsApp-Image-2025-11-02-at-19.02.58-768x576.jpeg 768w, https:\/\/www.jyvaskylanvalo.net\/wp-content\/uploads\/2025\/11\/WhatsApp-Image-2025-11-02-at-19.02.58-1536x1152.jpeg 1536w\" sizes=\"(max-width: 2048px) 100vw, 2048px\" \/><\/div>\n<div dir=\"auto\">\u00a0<\/div>\n<div dir=\"auto\"><span class=\"x193iq5w xeuugli x13faqbe x1vvkbs x1xmvt09 x1lliihq x1s928wv xhkezso x1gmr53x x1cpjm7i x1fgarty x1943h6x xudqn12 x3x7a5m x6prxxf xvq8zen xo1l8bm xzsf02u x1yc453h\" dir=\"auto\">Turnauksessa n\u00e4htiin hienoja suorituksia ja loistavaa kannustusta yli joukkuerajojen! Meininki oli huikea, kiitoksia kaikille j\u00e4rjestelij\u00f6ille ja osallistujille! Turnauksesta lis\u00e4\u00e4 <a href=\"https:\/\/www.jyvaskylanvalo.net\/?p=4084\">t\u00e4\u00e4lt\u00e4.<\/a><\/span><\/div>\n<div dir=\"auto\">\u00a0<\/div>\n<\/div>\n<h4>Pys\u00e4k\u00f6inti Yrttisuolla<\/h4>\n<p>Huom! Jos tulet autolla, parkkeerathan vain pys\u00e4k\u00f6intipaikoille ja huomioithan mahdollisen pys\u00e4k\u00f6intikiekko tarpeen! Karttaan on merkitty sinisell\u00e4 sallitut paikat, mutta tarkistathan aina paikan p\u00e4\u00e4ll\u00e4 ajantasaiset sallitut paikat!<\/p>\n<p><img loading=\"lazy\" class=\"alignnone size-full wp-image-2686\" src=\"http:\/\/www.jyvaskylanvalo.net\/wp-content\/uploads\/2019\/05\/kuva.png\" alt=\"\" width=\"658\" height=\"554\" srcset=\"https:\/\/www.jyvaskylanvalo.net\/wp-content\/uploads\/2019\/05\/kuva.png 658w, https:\/\/www.jyvaskylanvalo.net\/wp-content\/uploads\/2019\/05\/kuva-300x253.png 300w\" sizes=\"(max-width: 658px) 100vw, 658px\" \/><\/p>\n<h1>Kes\u00e4 2024<\/h1>\n<p>Valo j\u00e4rjesti kes\u00e4ll\u00e4 2024 naisten harrastepesist\u00e4. Reenikertoja oli per\u00e4ti 44 kappaletta ja reenit py\u00f6riv\u00e4t toukokuun puolesta v\u00e4list\u00e4 elokuun loppuun. Osallistujia oli koko kes\u00e4n ajan 62.<\/p>\n<div class=\"\" data-block=\"true\" data-editor=\"cui80\" data-offset-key=\"bk3ap-0-0\">\n<div class=\"_1mf _1mj\" data-offset-key=\"bk3ap-0-0\"><span data-offset-key=\"bk3ap-0-0\">Kauden 2023 osallistujapalautteiden perusteella lis\u00e4simme kes\u00e4lle 2024 pelikertoja, unohtamatta kuitenkaan perusharjoitteita, tilanne- ja ly\u00f6ntireenej\u00e4. <\/span><\/div>\n<\/div>\n<div data-offset-key=\"bk3ap-0-0\">\u00a0<\/div>\n<div data-offset-key=\"bk3ap-0-0\">Valo j\u00e4rjesti naisten harrastepesisturnauksen Yrttisuolla lauantaina 24.8.2024, johon osallistui kaksi joukkuetta. Lis\u00e4ksi Valo oli mukana j\u00e4rjest\u00e4m\u00e4ss\u00e4 ensimm\u00e4ist\u00e4 kertaa Jyv\u00e4skyl\u00e4ss\u00e4 pelattua naisten valtakunnallista Ladypesis-turnausta 7.9.2024.<\/div>\n<div data-offset-key=\"bk3ap-0-0\">\u00a0<\/div>\n<h1>Kes\u00e4 2023<\/h1>\n<p>Valo j\u00e4rjesti my\u00f6s kes\u00e4ll\u00e4 2023 harrastepesist\u00e4 ja t\u00e4n\u00e4 vuonna mentiin yhdell\u00e4 ryhm\u00e4ll\u00e4, johon kaikki ovat tervetulleita kokemukseen katsomatta! Osallistujia oli per\u00e4ti 65, joka on aivan huikea m\u00e4\u00e4r\u00e4!\u00a0<\/p>\n<p>Vuoroja j\u00e4rjestettiin p\u00e4\u00e4s\u00e4\u00e4nt\u00f6isesti kolme kertaa viikossa ja yksi reeneist\u00e4 oli ns. matalan kynnyksen vuoro, jossa harjoiteltiin hitaammalla temmolla ja k\u00e4ytettiin hieman enemm\u00e4n aikaa ohjaamiseen ja uusien asioiden opetteluun.<\/p>\n<p>Lis\u00e4ksi kes\u00e4n p\u00e4\u00e4tteeksi j\u00e4rjestettiin naisten harrastepesisturnaus kolmen Valon joukkueen voimin lauantaina 9.9.2023.<\/p>\n<p>Kiitoksia kaikille hienosta harrastepesiskes\u00e4st\u00e4!<\/p>\n<h1>Kes\u00e4 2022<\/h1>\n<p>Valo j\u00e4rjesti kes\u00e4ll\u00e4 2022 naisten harrastepesist\u00e4 kahdessa tasoryhm\u00e4ss\u00e4. Starttipesiksess\u00e4 k\u00e4ytiin l\u00e4pi pes\u00e4pallon alkeita, kun taas Kovat luulot -ryhm\u00e4ss\u00e4 keskityttiin enemm\u00e4n jo pelinomaisiin harjoituksiin sek\u00e4 itse pelaamiseen.<\/p>\n<h3>Starttipesis<\/h3>\n<p>Starttipesis ryhm\u00e4n ideana oli tutustua pes\u00e4palloon matalalla kynnyksell\u00e4 ja k\u00e4vimme l\u00e4pi pes\u00e4pallon alkeita. <br \/>Ideaa lyhyesti: <br \/>&#8211; Aloittajille, l\u00e4hdet\u00e4\u00e4n pesiksen alkeista <br \/>&#8211; Reeneiss\u00e4 k\u00e4ytet\u00e4\u00e4n tenavapalloa <br \/>&#8211; Reenit keskim\u00e4\u00e4rin kerran viikossa<\/p>\n<p>Vuorolle sai tulla tutustumaan kaksi kertaa maksutta ja testaamaan, milt\u00e4 toiminta vaikuttaa.<\/p>\n<h3>Kovat luulot<\/h3>\n<p>Kovat luulot ryhm\u00e4n tarkoituksena oli tutustua pes\u00e4pallon saloihin jo hieman syvemmin. T\u00e4ss\u00e4 ryhm\u00e4ss\u00e4 pesiksen alkeet olivat jo takana p\u00e4in ja enemm\u00e4n tutustuttiin pelitilanteisiin ja pelipaikkoihin.<\/p>\n<p>Ideaa lyhyesti: <br \/>&#8211; Ei k\u00e4yd\u00e4 pesiksen alkeita l\u00e4pi <br \/>&#8211; Enemm\u00e4n peli\u00e4 ja pelinomaisia harjoituksia<br \/>&#8211; Harjoitukset ja pelit pelataan naisten pallolla <br \/>&#8211; Reenit keskim\u00e4\u00e4rin kaksi kertaa viikossa<\/p>\n<p>Kaikkinensa osallistujia oli Valon harrastepesiksess\u00e4 vuonna 2022 yhteens\u00e4 58.<\/p>\n<h4>Harrastepesisturnaus 2022<\/h4>\n<p>Valo j\u00e4rjesti pienimuotoisen naisten harrastepesisturnauksen sunnuntaina 21.8.2022 Yrttisuolla. Vuonna 2022 ei j\u00e4rjestetty sekajoukkueiden harrastepesisturnausta v\u00e4h\u00e4isest\u00e4 osallistujam\u00e4\u00e4r\u00e4st\u00e4 johtuen.<\/p>\n<h1>Kes\u00e4 2021<\/h1>\n<p>Valo j\u00e4rjesti kes\u00e4ll\u00e4 2021 naisten harrastepesist\u00e4 kahdessa eri tasoryhm\u00e4ss\u00e4 koronarajoitukset huomioiden. Starttipesiksess\u00e4 k\u00e4ytiin l\u00e4pi pes\u00e4pallon alkeita, kun taas Kovat luulot -ryhm\u00e4ss\u00e4 syvennyttiin jo pelitilanteisiin ja pelinomaisiin harjoituksiin.<\/p>\n<h3>Starttipesis<\/h3>\n<p>Starttipesis ryhm\u00e4n ideana on tutustua pes\u00e4palloon matalalla kynnyksell\u00e4 ja k\u00e4ymme l\u00e4pi pes\u00e4pallon alkeet. <br \/>Ideaa lyhyesti: <br \/>&#8211; Aloittajille, l\u00e4hdet\u00e4\u00e4n pesiksen alkeista <br \/>&#8211; Reeneiss\u00e4 k\u00e4ytet\u00e4\u00e4n tenavapalloa <br \/>&#8211; Reenit 1-2 krt viikkoon<\/p>\n<h3>Kovat luulot<\/h3>\n<p>Kovat luulot ryhm\u00e4n tarkoituksena on tutustua pes\u00e4pallon saloihin jo hieman syvemmin. T\u00e4ss\u00e4 ryhm\u00e4ss\u00e4 pesiksen alkeet ovat jo takana p\u00e4in ja enemm\u00e4n tutustutaan pelitilanteisiin ja pelipaikkoihin.<\/p>\n<p>Ideaa lyhyesti: <br \/>&#8211; Ei k\u00e4yd\u00e4 pesiksen alkeita l\u00e4pi <br \/>&#8211; Enemm\u00e4n peli\u00e4, pelitilanteita ja pelipaikkoja <br \/>&#8211; Harjoitukset ja pelit pelataan naisten pallolla <br \/>&#8211; Reenit keskim\u00e4\u00e4rin kaksi kertaa viikossa<\/p>\n<p>Ilmoittautumisaika p\u00e4\u00e4ttyi keskiviikkona 23.6.2021. Kiitoksia mielenkiinnosta Valon harrastepesist\u00e4 kohtaan!<\/p>\n<p>Kaikkinensa osallistujia oli kes\u00e4ll\u00e4 2021 yhteens\u00e4 66.<\/p>\n<h4>Valon harrastepesisturnaus 2021<\/h4>\n<p>Harrastepesisturnaus j\u00e4rjestettiin 28.-29.8.2021 Yrttisuolla. Lauantaina j\u00e4rjestettiin sekajoukkueiden turnaus ja sunnuntaina naisten turnaus.<\/p>\n<h1>Kes\u00e4 2020<\/h1>\n<p>Osallistujien toiveesta j\u00e4rjestimme kes\u00e4ll\u00e4 2020 kaksi eri tasoista ryhm\u00e4\u00e4 koronarajoitukset huomioiden.<\/p>\n<p><strong>Kovat luulot -ryhm\u00e4<br \/><\/strong><\/p>\n<p>Ryhm\u00e4n tarkoituksena oli tutustua pes\u00e4pallon saloihin jo hieman syvemmin. T\u00e4ss\u00e4 ryhm\u00e4ss\u00e4 pesiksen alkeet olivat jo takana p\u00e4in ja enemm\u00e4n tutustuttiin pelitilanteisiin ja pelipaikkoihin. Vuorot j\u00e4rjestettiin keskim\u00e4\u00e4rin kaksi kertaa viikossa kes\u00e4kuusta elokuuhun. Osallistujam\u00e4\u00e4r\u00e4\u00e4 jouduttiin rajoittamaan koronasta johtuen ja maksimi ilmoittautuneiden m\u00e4\u00e4r\u00e4 tavoitettiinkin ennen vuorojen alkua..<\/p>\n<p><strong>Starttipesis -ryhm\u00e4<\/strong><\/p>\n<p>Ryhm\u00e4n tarkoituksena oli tutustua pes\u00e4palloon matalalla kynnyksell\u00e4 ja k\u00e4vimme vuoroilla l\u00e4pi pes\u00e4pallon alkeet. Starttipesis -ryhm\u00e4 harjoitukset py\u00f6riv\u00e4t keskim\u00e4\u00e4rin kerran viikossa hein\u00e4kuusta elokuuhun.<\/p>\n<p>Kes\u00e4ll\u00e4 2020 osallistuja oli yhteens\u00e4 54.<\/p>\n<p>\u00a0<\/p>\n<h4>Valon harrastepesisturnaus<\/h4>\n<p>Harrastepesisturnaus j\u00e4rjestettiin 29.-30.8.2020 Yrttisuolla.<\/p>\n<h1>Kes\u00e4 2019<\/h1>\n<p>Valo j\u00e4rjesti kes\u00e4ll\u00e4 2019 toista vuotta putkeen naisten harrastepesistoimintaa. Ensimm\u00e4inen vuoro j\u00e4rjestettiin torstaina 16.5.2019. Tunnelmia p\u00e4\u00e4set lukemaan <a href=\"http:\/\/www.jyvaskylanvalo.net\/?p=2681\">t\u00e4\u00e4lt\u00e4<\/a>.<\/p>\n<p>Harjoitukset j\u00e4rjestettiin p\u00e4\u00e4s\u00e4\u00e4nt\u00f6isesti Yrttisuolla 2-3 kertaa viikossa. Kes\u00e4n aikana harjoituksissa k\u00e4vi yli 80 naista ja jokaisessa harjoituksessa oli osallistujia 20-30 v\u00e4limaastossa.<\/p>\n<p>Harrastepesiskes\u00e4 huipentui Valon j\u00e4rjest\u00e4m\u00e4\u00e4n harrastepesisturnaukseen, joka j\u00e4rjestettiin 31.8.-1.9.2019. Harrasteturnauksesta voit lukea lis\u00e4\u00e4 <a href=\"http:\/\/www.jyvaskylanvalo.net\/?p=2935\">t\u00e4\u00e4lt\u00e4<\/a>.<\/p>\n<p>Valo kiitt\u00e4\u00e4 kaikkia harrastepesiksess\u00e4 mukana olleita! Ensi kes\u00e4n\u00e4 jatketaan!<\/p>\n<p>Valo k\u00e4vi kertomassa Olympiakomitean <a href=\"https:\/\/www.olympiakomitea.fi\/aktiivinen-arki\/liikkujan-polku-verkosto\/\">Likkujan polku -verkostossa<\/a> harrastepesiksest\u00e4 1.10.2019. <a href=\"https:\/\/www.olympiakomitea.fi\/2019\/10\/01\/ladies-and-gentlemen-harrastepesis-on-pop\/\">T\u00e4\u00e4lt\u00e4<\/a> l\u00f6yd\u00e4t Valon ja Pes\u00e4palloliiton mietteit\u00e4 harrastepesiksest\u00e4. Juttua itse tilaisuudesta p\u00e4\u00e4set lukemaan t\u00e4t\u00e4 kautta <a href=\"https:\/\/www.olympiakomitea.fi\/2019\/10\/02\/kunnat-ja-seurat-yhdessa-liikkeen-lisaajina\/\">&#8221;Kunnat ja seurat yhdess\u00e4 liikkeen lis\u00e4\u00e4jin\u00e4&#8221;<\/a>.<\/p>\n<h1>Kes\u00e4 2018<\/h1>\n<p>Naisten harrastepesis k\u00e4ynnistyi pitk\u00e4n tauon j\u00e4lkeen Jyv\u00e4skyl\u00e4ss\u00e4 kes\u00e4ll\u00e4 2018. Ensimm\u00e4iset harjoitukset pidettiin maanantaina 21.5.2018 klo 20.30-21.30 ja osallistujia oli per\u00e4ti 56!<\/p>\n<p>Harjoituksia pidettiin p\u00e4\u00e4s\u00e4\u00e4nt\u00f6isesti kolme kertaa viikossa Yrttisuon kent\u00e4ll\u00e4 ja meininki oli huikea l\u00e4pi kes\u00e4n. Reeneiss\u00e4 reenaajia oli keskim\u00e4\u00e4rin kolmisenkymment\u00e4 ja koko kes\u00e4n aikana uusia harrastajia saatiin lajin pariin jopa yli 80! Kes\u00e4 onnistui yli odotusten ja t\u00e4st\u00e4 on hyv\u00e4 jatkaa kohti ensi kes\u00e4\u00e4!<\/p>\n<p><img class=\"alignnone size-full wp-image-2009\" src=\"http:\/\/www.jyvaskylanvalo.net\/wp-content\/uploads\/2018\/06\/WhatsApp-Image-2018-06-22-at-00.00.48.jpeg\" alt=\"\" width=\"60%\" srcset=\"https:\/\/www.jyvaskylanvalo.net\/wp-content\/uploads\/2018\/06\/WhatsApp-Image-2018-06-22-at-00.00.48.jpeg 1599w, https:\/\/www.jyvaskylanvalo.net\/wp-content\/uploads\/2018\/06\/WhatsApp-Image-2018-06-22-at-00.00.48-300x225.jpeg 300w, https:\/\/www.jyvaskylanvalo.net\/wp-content\/uploads\/2018\/06\/WhatsApp-Image-2018-06-22-at-00.00.48-768x576.jpeg 768w, https:\/\/www.jyvaskylanvalo.net\/wp-content\/uploads\/2018\/06\/WhatsApp-Image-2018-06-22-at-00.00.48-1024x768.jpeg 1024w\" sizes=\"(max-width: 1599px) 100vw, 1599px\" \/><\/p>\n<p>K\u00e4y lukemassa Pes\u00e4palloliiton Keskimaan alueen sivuilta juttu harrastepesiksest\u00e4:<br \/><a href=\"http:\/\/pesisalueet.fi\/keskimaa\/index.php\/2018\/05\/03\/harrastepesis-palaa-jyvaskylaan\/\">http:\/\/pesisalueet.fi\/keskimaa\/index.php\/2018\/05\/03\/harrastepesis-palaa-jyvaskylaan\/<\/a><\/p>\n<p>T\u00e4\u00e4lt\u00e4 voit k\u00e4yd\u00e4 lukemassa ensimm\u00e4isten viikkojen j\u00e4lkeiset kommentit:<br \/><a href=\"http:\/\/www.jyvaskylanvalo.net\/?p=1919\">Harrastepesis l\u00e4htenyt vauhdilla k\u00e4yntiin<\/a><\/p>\n<p>Ensi kes\u00e4n\u00e4 jatketaan!<\/p>\n\n\n<p><\/p>\n","protected":false},"excerpt":{"rendered":"<p>Kes\u00e4 2026 Kes\u00e4ll\u00e4 2026 Valo j\u00e4rjest\u00e4\u00e4 naisten harrastepesist\u00e4 per\u00e4ti jo yhdeks\u00e4tt\u00e4 kertaa! Valon naisten harrastepesiksess\u00e4 tavoitteena on pit\u00e4\u00e4 hauskaa matalalla kynnyksell\u00e4 pes\u00e4pallon parissa ja kuntoilla hyv\u00e4ss\u00e4 seurassa. Harrastepesikseen ovat kaikki tervetulleita ja seuralta saat tarvittaessa my\u00f6s v\u00e4lineit\u00e4 lainaan vuoron ajaksi! Harrastepesiksen hinta Kausimaksu 80 \u20ac sis. lainav\u00e4lineet, kentt\u00e4vuokrat, ohjaajat yms. J\u00e4senmaksu 20 \u20ac \/ kalenterivuosi<\/p>\n<p><a class=\"read-more\" href=\"https:\/\/www.jyvaskylanvalo.net\/?page_id=1885\"> Lue lis&auml;&auml;<\/a><\/p>\n","protected":false},"author":1,"featured_media":0,"parent":0,"menu_order":0,"comment_status":"closed","ping_status":"closed","template":"","meta":{"_mi_skip_tracking":false,"_exactmetrics_sitenote_active":false,"_exactmetrics_sitenote_note":"","_exactmetrics_sitenote_category":0},"_links":{"self":[{"href":"https:\/\/www.jyvaskylanvalo.net\/index.php?rest_route=\/wp\/v2\/pages\/1885"}],"collection":[{"href":"https:\/\/www.jyvaskylanvalo.net\/index.php?rest_route=\/wp\/v2\/pages"}],"about":[{"href":"https:\/\/www.jyvaskylanvalo.net\/index.php?rest_route=\/wp\/v2\/types\/page"}],"author":[{"embeddable":true,"href":"https:\/\/www.jyvaskylanvalo.net\/index.php?rest_route=\/wp\/v2\/users\/1"}],"replies":[{"embeddable":true,"href":"https:\/\/www.jyvaskylanvalo.net\/index.php?rest_route=%2Fwp%2Fv2%2Fcomments&post=1885"}],"version-history":[{"count":104,"href":"https:\/\/www.jyvaskylanvalo.net\/index.php?rest_route=\/wp\/v2\/pages\/1885\/revisions"}],"predecessor-version":[{"id":4122,"href":"https:\/\/www.jyvaskylanvalo.net\/index.php?rest_route=\/wp\/v2\/pages\/1885\/revisions\/4122"}],"wp:attachment":[{"href":"https:\/\/www.jyvaskylanvalo.net\/index.php?rest_route=%2Fwp%2Fv2%2Fmedia&parent=1885"}],"curies":[{"name":"wp","href":"https:\/\/api.w.org\/{rel}","templated":true}]}}