{"id":12,"date":"2016-07-06T13:33:25","date_gmt":"2016-07-06T10:33:25","guid":{"rendered":"http:\/\/www.jyvaskylanvalo.net\/wordpress\/?page_id=12"},"modified":"2025-11-02T18:50:48","modified_gmt":"2025-11-02T16:50:48","slug":"tervetuloa-valon-sivuille","status":"publish","type":"page","link":"https:\/\/www.jyvaskylanvalo.net\/","title":{"rendered":"Tervetuloa Valon sivuille!"},"content":{"rendered":"<h3>Valo j\u00e4rjest\u00e4\u00e4 aikuisille harrastustoimintaa l\u00e4pi vuoden<\/h3>\n<p><strong>Aikuisille<\/strong><\/p>\n<p>Valossa j\u00e4rjestet\u00e4\u00e4n toimintaa ymp\u00e4ri vuoden ja l\u00f6yd\u00e4tkin eri lajeista tietoa yl\u00e4palkin valikosta kohdasta Lajit.<\/p>\n<p>\u00a0<\/p>\n<p><iframe loading=\"lazy\" src=\"https:\/\/www.youtube.com\/embed\/HsVsAsGY_FQ\" width=\"560\" height=\"315\" frameborder=\"0\" allowfullscreen=\"allowfullscreen\"><\/iframe><\/p>\n<h2>Yrttisuon pys\u00e4k\u00f6inti<\/h2>\n<p>Autot tulee pys\u00e4k\u00f6id\u00e4 niille varatuille parkkipaikoille (ei k\u00e4velyteiden varsille). Tikan koulun kanssa on sovittu, ett\u00e4 heid\u00e4n pys\u00e4k\u00f6intialueitaan voi k\u00e4ytt\u00e4\u00e4 pes\u00e4pallopelien aikana kouluaikojen ulkopuolella.<\/p>\n<h2>Juniori petankkia<\/h2>\n<p>Haluaisitko kokeilla juniori petankkia Yrttisuon liikuntapuistossa? Voit tulla maanantai, keskiviikko, perjantai tai sunnuntai iltoina kokeilemaan lajia vaikka koko perheen voimin. Seurasta saat lainaksi my\u00f6s juniorikuulat.<\/p>\n<p>Lis\u00e4tietoja Vesa Karttunen p. 050 540 0463<\/p>\n\n\n<p><\/p>\n","protected":false},"excerpt":{"rendered":"<p>Valo j\u00e4rjest\u00e4\u00e4 aikuisille harrastustoimintaa l\u00e4pi vuoden Aikuisille Valossa j\u00e4rjestet\u00e4\u00e4n toimintaa ymp\u00e4ri vuoden ja l\u00f6yd\u00e4tkin eri lajeista tietoa yl\u00e4palkin valikosta kohdasta Lajit. \u00a0 Yrttisuon pys\u00e4k\u00f6inti Autot tulee pys\u00e4k\u00f6id\u00e4 niille varatuille parkkipaikoille (ei k\u00e4velyteiden varsille). Tikan koulun kanssa on sovittu, ett\u00e4 heid\u00e4n pys\u00e4k\u00f6intialueitaan voi k\u00e4ytt\u00e4\u00e4 pes\u00e4pallopelien aikana kouluaikojen ulkopuolella. Juniori petankkia Haluaisitko kokeilla juniori petankkia Yrttisuon liikuntapuistossa?<\/p>\n<p><a class=\"read-more\" href=\"https:\/\/www.jyvaskylanvalo.net\/\"> Lue lis&auml;&auml;<\/a><\/p>\n","protected":false},"author":1,"featured_media":0,"parent":0,"menu_order":0,"comment_status":"closed","ping_status":"closed","template":"page-with-sidebar.php","meta":{"_mi_skip_tracking":false,"_exactmetrics_sitenote_active":false,"_exactmetrics_sitenote_note":"","_exactmetrics_sitenote_category":0},"_links":{"self":[{"href":"https:\/\/www.jyvaskylanvalo.net\/index.php?rest_route=\/wp\/v2\/pages\/12"}],"collection":[{"href":"https:\/\/www.jyvaskylanvalo.net\/index.php?rest_route=\/wp\/v2\/pages"}],"about":[{"href":"https:\/\/www.jyvaskylanvalo.net\/index.php?rest_route=\/wp\/v2\/types\/page"}],"author":[{"embeddable":true,"href":"https:\/\/www.jyvaskylanvalo.net\/index.php?rest_route=\/wp\/v2\/users\/1"}],"replies":[{"embeddable":true,"href":"https:\/\/www.jyvaskylanvalo.net\/index.php?rest_route=%2Fwp%2Fv2%2Fcomments&post=12"}],"version-history":[{"count":249,"href":"https:\/\/www.jyvaskylanvalo.net\/index.php?rest_route=\/wp\/v2\/pages\/12\/revisions"}],"predecessor-version":[{"id":4077,"href":"https:\/\/www.jyvaskylanvalo.net\/index.php?rest_route=\/wp\/v2\/pages\/12\/revisions\/4077"}],"wp:attachment":[{"href":"https:\/\/www.jyvaskylanvalo.net\/index.php?rest_route=%2Fwp%2Fv2%2Fmedia&parent=12"}],"curies":[{"name":"wp","href":"https:\/\/api.w.org\/{rel}","templated":true}]}}