{"id":1061,"date":"2017-06-07T10:56:10","date_gmt":"2017-06-07T07:56:10","guid":{"rendered":"http:\/\/www.jyvaskylanvalo.net\/?page_id=1061"},"modified":"2017-07-17T13:17:58","modified_gmt":"2017-07-17T10:17:58","slug":"tuloksia-2017","status":"publish","type":"page","link":"https:\/\/www.jyvaskylanvalo.net\/?page_id=1061","title":{"rendered":"Tuloksia 2017"},"content":{"rendered":"<p><strong>Kymi-Saimaan 2.div<\/strong> (10 joukkuetta)<\/p>\n<p>Yhdeks\u00e4n pelatun kierroksen j\u00e4lkeen molemmat Valon joukkueet selvityiv\u00e4t divarikarsintoihin, jotka pelataan elokuussa Tampereella! Valolaisten lis\u00e4ksi karsintoihin Kymi-Saimaan lohkosta p\u00e4\u00e4si Karhu-Petankki (KAR) Kotkasta.<\/p>\n<p>Alla tarkemmat tulokset:<img loading=\"lazy\" class=\"alignright wp-image-1277\" src=\"http:\/\/www.jyvaskylanvalo.net\/wp-content\/uploads\/2017\/06\/milleist\u00e4kiinni-300x168.jpg\" alt=\"milleist\u00e4kiinni\" width=\"400\" height=\"224\" srcset=\"https:\/\/www.jyvaskylanvalo.net\/wp-content\/uploads\/2017\/06\/milleist\u00e4kiinni-300x168.jpg 300w, https:\/\/www.jyvaskylanvalo.net\/wp-content\/uploads\/2017\/06\/milleist\u00e4kiinni-768x431.jpg 768w, https:\/\/www.jyvaskylanvalo.net\/wp-content\/uploads\/2017\/06\/milleist\u00e4kiinni-1024x575.jpg 1024w, https:\/\/www.jyvaskylanvalo.net\/wp-content\/uploads\/2017\/06\/milleist\u00e4kiinni.jpg 1600w\" sizes=\"(max-width: 400px) 100vw, 400px\" \/><\/p>\n<p>15.7.2017 Jyv\u00e4skyl\u00e4ss\u00e4, jossa pelattiin nelj\u00e4 kierrosta.<\/p>\n<p>JYV 1 Karttunen Vesa, Ylel\u00e4 Joni, Karppanen Juha 2 voittoa<br \/>\nJYV 2 Karppanen Jyrki, L\u00e4hteel\u00e4 Pekka, R\u00e4s\u00e4nen Unto, Kylm\u00e4nen Alpi 2 voittoa<\/p>\n<p><strong>1.KIERROS<\/strong><\/p>\n<p><strong>JYV1<\/strong> &#8211; KOK3 13 &#8211; 10<br \/>\nKAN2 &#8211; KOK1 13 &#8211; 4<br \/>\n<strong>JYV2<\/strong> &#8211; SAV2 4 &#8211; 13<br \/>\nKAR &#8211; KOK2 13 &#8211; 4<br \/>\nKAN1 &#8211; SAV1 13 &#8211; 1<\/p>\n<p><strong>7. KIERROS<\/strong><\/p>\n<p><strong>JYV1<\/strong> &#8211; SAV1 13 &#8211; 0<br \/>\nKAN1 &#8211; KAN2 13 &#8211; 7<br \/>\nKOK2 &#8211; KOK3 7 &#8211; 13<br \/>\n<strong>JYV2<\/strong> &#8211; KOK2 13 &#8211; 10<br \/>\nKAR &#8211; SAV2 13 &#8211; 4<\/p>\n<p><strong>8. KIERROS<\/strong><\/p>\n<p>KAN2 &#8211; SAV1 13 &#8211; 7<br \/>\nKAN1 &#8211; KOK1 3 &#8211; 13<br \/>\n<strong>JYV2<\/strong> &#8211; KAR 13 &#8211; 1<br \/>\n<strong>JYV1<\/strong> &#8211; KOK2 7 &#8211; 13<br \/>\nKOK3 &#8211; SAV2 4 &#8211; 13<\/p>\n<p><strong>9. KIERROS<\/strong><\/p>\n<p><strong>JYV1<\/strong> &#8211; KAN2 12 &#8211; 13<br \/>\nKOK1 &#8211; SAV1 11 &#8211; 13<br \/>\n<strong>JYV2<\/strong> &#8211; KAN1 10 &#8211; 13<br \/>\nKAR &#8211; KOK3 13 &#8211; 5<br \/>\nKOK2 &#8211; SAV2 0 &#8211; 13<\/p>\n<p>28.5 Varkaudessa, jossa pelattiin viisi kierrosta.<\/p>\n<p>JYV 1 Karttunen Vesa, Ylel\u00e4 Joni, Karppanen Juha 5 voittoa<br \/>\nJYV 2 Karppanen Jyrki, L\u00e4hteel\u00e4 Pekka, R\u00e4s\u00e4nen Unto 4 voittoa<\/p>\n<p><strong>1.KIERROS<\/strong><\/p>\n<p><strong>JYV1<\/strong> &#8211; SAV2\u00a0\u00a0\u00a0\u00a0\u00a0 13-9<br \/>\n<strong>JYV2<\/strong> &#8211; SAV1\u00a0\u00a0\u00a0\u00a0\u00a0 13-8<br \/>\nKAN1 &#8211; KOK3\u00a0\u00a0\u00a0 9 &#8211; 13<br \/>\nKAN2 &#8211; KOK2\u00a0\u00a0 13 &#8211; 6<br \/>\nKAR &#8211; KOK1\u00a0\u00a0\u00a0\u00a0\u00a0\u00a0 13 &#8211; 1<\/p>\n<p><strong>2. KIERROS<\/strong><\/p>\n<p><strong>JYV1<\/strong> &#8211; KOK1 13 &#8211; 7<br \/>\n<strong>JYV2<\/strong> &#8211; KOK2 13 &#8211; 11<br \/>\nKAN1 &#8211; SAV2 13 &#8211; 9<br \/>\nKAN2 &#8211; KOK3 13 &#8211; 9<br \/>\nKAR &#8211; SAV1 13 &#8211; 1<\/p>\n<p><strong>3. KIERROS<\/strong><\/p>\n<p><strong>JYV1 &#8211; JYV2<\/strong> 13 &#8211; 0<br \/>\nKAN1 &#8211; KAR 3 &#8211; 13<br \/>\nKAN2 &#8211; SAV2 4 &#8211; 13<br \/>\nSAV1 &#8211; KOK3 0 &#8211; 13<br \/>\nKOK1 &#8211; KOK2 8 &#8211; 13<\/p>\n<p><strong>4. KIERROS<\/strong><\/p>\n<p>KAN2 &#8211; KAR 11 &#8211; 13<br \/>\n<strong>JYV1<\/strong> &#8211; KAN1 13 &#8211; 11<br \/>\nKOK1 &#8211; SAV2 13 &#8211; 10<br \/>\n<strong>JYV2<\/strong> &#8211; KOK3 13 &#8211; 6<br \/>\nKOK2 &#8211; SAV1 13 &#8211; 4<\/p>\n<p><strong>5. KIERROS<\/strong><\/p>\n<p><strong>JYV1<\/strong> &#8211; KAR 13 &#8211; 4<br \/>\nKAN2 &#8211; <strong>JYV2<\/strong> 9 &#8211; 13<br \/>\nKAN1 &#8211; KOK2 13 &#8211; 4<br \/>\nKOK1 &#8211; KOK3 13 &#8211; 10<br \/>\nSAV1 &#8211; SAV2 13 &#8211; 1<\/p>\n<p>&nbsp;<\/p>\n","protected":false},"excerpt":{"rendered":"<p>Kymi-Saimaan 2.div (10 joukkuetta) Yhdeks\u00e4n pelatun kierroksen j\u00e4lkeen molemmat Valon joukkueet selvityiv\u00e4t divarikarsintoihin, jotka pelataan elokuussa Tampereella! Valolaisten lis\u00e4ksi karsintoihin Kymi-Saimaan lohkosta p\u00e4\u00e4si Karhu-Petankki (KAR) Kotkasta. Alla tarkemmat tulokset: 15.7.2017 Jyv\u00e4skyl\u00e4ss\u00e4, jossa pelattiin nelj\u00e4 kierrosta. JYV 1 Karttunen Vesa, Ylel\u00e4 Joni, Karppanen Juha 2 voittoa JYV 2 Karppanen Jyrki, L\u00e4hteel\u00e4 Pekka, R\u00e4s\u00e4nen Unto, Kylm\u00e4nen Alpi<\/p>\n<p><a class=\"read-more\" href=\"https:\/\/www.jyvaskylanvalo.net\/?page_id=1061\"> Lue lis&auml;&auml;<\/a><\/p>\n","protected":false},"author":1,"featured_media":0,"parent":0,"menu_order":0,"comment_status":"closed","ping_status":"closed","template":"","meta":{"_mi_skip_tracking":false,"_exactmetrics_sitenote_active":false,"_exactmetrics_sitenote_note":"","_exactmetrics_sitenote_category":0},"_links":{"self":[{"href":"https:\/\/www.jyvaskylanvalo.net\/index.php?rest_route=\/wp\/v2\/pages\/1061"}],"collection":[{"href":"https:\/\/www.jyvaskylanvalo.net\/index.php?rest_route=\/wp\/v2\/pages"}],"about":[{"href":"https:\/\/www.jyvaskylanvalo.net\/index.php?rest_route=\/wp\/v2\/types\/page"}],"author":[{"embeddable":true,"href":"https:\/\/www.jyvaskylanvalo.net\/index.php?rest_route=\/wp\/v2\/users\/1"}],"replies":[{"embeddable":true,"href":"https:\/\/www.jyvaskylanvalo.net\/index.php?rest_route=%2Fwp%2Fv2%2Fcomments&post=1061"}],"version-history":[{"count":9,"href":"https:\/\/www.jyvaskylanvalo.net\/index.php?rest_route=\/wp\/v2\/pages\/1061\/revisions"}],"predecessor-version":[{"id":1280,"href":"https:\/\/www.jyvaskylanvalo.net\/index.php?rest_route=\/wp\/v2\/pages\/1061\/revisions\/1280"}],"wp:attachment":[{"href":"https:\/\/www.jyvaskylanvalo.net\/index.php?rest_route=%2Fwp%2Fv2%2Fmedia&parent=1061"}],"curies":[{"name":"wp","href":"https:\/\/api.w.org\/{rel}","templated":true}]}}