{"id":1021,"date":"2017-05-21T17:51:59","date_gmt":"2017-05-21T14:51:59","guid":{"rendered":"http:\/\/www.jyvaskylanvalo.net\/?page_id=1021"},"modified":"2017-09-07T22:38:53","modified_gmt":"2017-09-07T19:38:53","slug":"savocup-2017","status":"publish","type":"page","link":"https:\/\/www.jyvaskylanvalo.net\/?page_id=1021","title":{"rendered":"SAVOCUP 2017"},"content":{"rendered":"<h2>Petankki, SavoCup tuloksia<\/h2>\n<p><strong>SavoCupin 5. osakilpailu pelattiin 2.9.2017 Jyv\u00e4skyl\u00e4ss\u00e4.<\/strong><br \/>\n<strong>Mukana oli 19 joukkuetta<\/strong><\/p>\n<p><strong>Tulokset:<\/strong><\/p>\n<p>1. Anssi Viinikainen SUS, Jari Lukkarila SUS<br \/>\n2. Vesa Karttunen JYV, Joni Ylel\u00e4 JYV<br \/>\n3. Erkki Hyttinen KAN, Vesa Hilonen KAN<br \/>\n4. Harri Reinikainen KAN, Matti Ruuskanen KAN<br \/>\n5. Unto R\u00e4s\u00e4nen JYV, Juha Karppanen JYV<br \/>\n6. Alpi Kylm\u00e4nen JYV, Jyrki Karppanen JYV<br \/>\n7. Juuso Hippinen SUS, Jussi Kuronen SUS<br \/>\n8. Pentti Kauppinen JYV, Esa Maukonen JYV, Kauko Honkanen JYV<\/p>\n<p>Seuraava osakilpailu j\u00e4rjestet\u00e4\u00e4n 9.9 Kuopiossa.<\/p>\n<p><strong>SavoCupin 4.osakilpailu pelattiin 29.7.2017 Kontiolahdella.<\/strong><br \/>\n<strong>Mukana oli 10 joukkuetta seuraavista seuroista (JYV, KAN, PKP, SUS)<\/strong><\/p>\n<p><strong>Tulokset:<\/strong><\/p>\n<p>1. Alpi Kylm\u00e4nen JYV, Jyrki Karppanen JYV<br \/>\n2. Juuso Vartiainen PKP, Joni Hyv\u00e4rinen PKP<br \/>\n3. Anssi Viinikainen SUS, Kauko Juvonen SUS<br \/>\n4. Juuso Hippinen SUS, Pauli Meril\u00e4inen SUS<br \/>\n5. Jari Peltosola SUS, Jani Ker\u00e4nen SUS<br \/>\n6. Sakari Kettunen SUS, Timo Hyttinen KAN<br \/>\n7. Pentti Taskinen KAN, Vesa Hilonen KAN<br \/>\n8. Harry Ulvi PKP, Niko Parviainen PKP<\/p>\n<p><strong>SavoCupin 3.osakilpailu pelattiin 17.6.2017 Varkaudessa<br \/>\n<\/strong><strong>Mukana oli 12 joukkuetta seuraavista seuroista (JYV, KAN, MPC, PKP, SUS)<\/strong><\/p>\n<p><strong>Tulokset:<\/strong><\/p>\n<p>1. Mikko Neuvonen MPC, Vesa Karttunen JYV<br \/>\n2. Juuso Vartiainen PKP, Joni Hyv\u00e4rinen PKP<br \/>\n3. Heikki Pyrh\u00f6nen MPC, Jaakko Kimari MPC<br \/>\n4. Harry Ulvi PKP, Niko Parviainen PKP<br \/>\n5. Armi Rikkonen MPC, Jouko Haajanen MPC<br \/>\n6. Jari Peltosola SUS, Jani Ker\u00e4nen SUS<br \/>\n7. Timo Hyttinen KAN, Risto Hippinen KAN<br \/>\n8. Unto R\u00e4s\u00e4nen JYV, Pekka L\u00e4hteel\u00e4 JYV<\/p>\n<p><strong>SavoCupin 2.osakilpailu pelattiin 13.5.2017 Kuopiossa<\/strong><br \/>\n<strong>Mukana oli 13 joukkuetta seuraavista seuroista (JYV, KAN, MPC, PKP, SUS)<\/strong><\/p>\n<p><strong>Tulokset:<\/strong><\/p>\n<p>1. Joni Ylel\u00e4 JYV, Vesa Karttunen JYV<br \/>\n2. Pauli Meril\u00e4inen SUS, Juuso Hippinen SUS<br \/>\n3. Anssi Viinikainen SUS, Jari Lukkarila SUS<br \/>\n4. Harry Ulvi PKP, Niko Parviainen PKP<br \/>\n5. Unto R\u00e4s\u00e4nen JYV, Pekka L\u00e4hteel\u00e4 JYV, Alpi Kylm\u00e4nen JYV<br \/>\n6. Timo Hyttinen KAN, Risto Hippinen SUS<br \/>\n7. Jussi Kuronen SUS, Pekka Suihko SUS<br \/>\n8. Juuso Vartiainen PKP, Matti Vartiainen PKP<\/p>\n<p><strong>SavoCupin 1.osakilpailu pelattiin 22.4.2017 Mikkeliss\u00e4.<\/strong><br \/>\n<strong>Mukana oli 12 joukkuetta seuraavista seuroista (JYV, KAN, MPC, PKP, SUS)<\/strong><\/p>\n<p><strong>Tulokset:<\/strong><\/p>\n<p>1. Harry Ulvi PKP, Niko Parviainen PKP<br \/>\n2. Armi Rikkonen MPC, Jouko Haajanen MPC<br \/>\n3. Heikki Pyrh\u00f6nen MPC, Jaakko Kimari MPC<br \/>\n4. Harri Reinikainen PKP, Matti Ruuskanen PKP<br \/>\n5. Timo Hyttinen KAN, Risto Hippinen SUS<br \/>\n6. Mikko Neuvonen MPC, Martti Korhonen MPC<br \/>\n7. Joni Ylel\u00e4 JYV, Vesa Karttunen JYV<br \/>\n8. Pauli Meril\u00e4inen SUS, Juuso Hippinen SUS<\/p>\n","protected":false},"excerpt":{"rendered":"<p>Petankki, SavoCup tuloksia SavoCupin 5. osakilpailu pelattiin 2.9.2017 Jyv\u00e4skyl\u00e4ss\u00e4. Mukana oli 19 joukkuetta Tulokset: 1. Anssi Viinikainen SUS, Jari Lukkarila SUS 2. Vesa Karttunen JYV, Joni Ylel\u00e4 JYV 3. Erkki Hyttinen KAN, Vesa Hilonen KAN 4. Harri Reinikainen KAN, Matti Ruuskanen KAN 5. Unto R\u00e4s\u00e4nen JYV, Juha Karppanen JYV 6. Alpi Kylm\u00e4nen JYV, Jyrki Karppanen<\/p>\n<p><a class=\"read-more\" href=\"https:\/\/www.jyvaskylanvalo.net\/?page_id=1021\"> Lue lis&auml;&auml;<\/a><\/p>\n","protected":false},"author":1,"featured_media":0,"parent":0,"menu_order":0,"comment_status":"closed","ping_status":"closed","template":"","meta":{"_mi_skip_tracking":false,"_exactmetrics_sitenote_active":false,"_exactmetrics_sitenote_note":"","_exactmetrics_sitenote_category":0},"_links":{"self":[{"href":"https:\/\/www.jyvaskylanvalo.net\/index.php?rest_route=\/wp\/v2\/pages\/1021"}],"collection":[{"href":"https:\/\/www.jyvaskylanvalo.net\/index.php?rest_route=\/wp\/v2\/pages"}],"about":[{"href":"https:\/\/www.jyvaskylanvalo.net\/index.php?rest_route=\/wp\/v2\/types\/page"}],"author":[{"embeddable":true,"href":"https:\/\/www.jyvaskylanvalo.net\/index.php?rest_route=\/wp\/v2\/users\/1"}],"replies":[{"embeddable":true,"href":"https:\/\/www.jyvaskylanvalo.net\/index.php?rest_route=%2Fwp%2Fv2%2Fcomments&post=1021"}],"version-history":[{"count":10,"href":"https:\/\/www.jyvaskylanvalo.net\/index.php?rest_route=\/wp\/v2\/pages\/1021\/revisions"}],"predecessor-version":[{"id":1614,"href":"https:\/\/www.jyvaskylanvalo.net\/index.php?rest_route=\/wp\/v2\/pages\/1021\/revisions\/1614"}],"wp:attachment":[{"href":"https:\/\/www.jyvaskylanvalo.net\/index.php?rest_route=%2Fwp%2Fv2%2Fmedia&parent=1021"}],"curies":[{"name":"wp","href":"https:\/\/api.w.org\/{rel}","templated":true}]}}