{"id":916,"date":"2017-04-26T10:11:47","date_gmt":"2017-04-26T07:11:47","guid":{"rendered":"http:\/\/www.jyvaskylanvalo.net\/?page_id=916"},"modified":"2018-08-30T19:05:09","modified_gmt":"2018-08-30T16:05:09","slug":"kausi-2016","status":"publish","type":"page","link":"http:\/\/www.jyvaskylanvalo.net\/?page_id=916","title":{"rendered":"Kausi 2016"},"content":{"rendered":"<p>Kaudella 2016-2017 Valon naiset osallistuivat ensimm\u00e4ist\u00e4 kertaa seuran historiassa salibandyliiton alaiseen sarjaan ja pelasivat otteluja naisten 4.divarin Sis\u00e4-Suomen lohkossa. Joukkueessa oli mukana n. 20 lisenssipelaajaa ja nelj\u00e4 reenaria, joten reeneiss\u00e4 riitti v\u00e4ke\u00e4 jopa niin paljon, ett\u00e4 sali alkoi tuntua pienelt\u00e4.<\/p>\n<p>Valon naiset sijoittuivat 4.divarin Sis\u00e4-Suomen lohkossa sijalle 6, kun joukkueita oli mukana kahdeksan. Suoritus oli ensiketalaiselle oikein mainio ja t\u00e4st\u00e4 on hyv\u00e4 l\u00e4hte\u00e4 rakentamaan joukkuetta kaudelle 2017-2018.<\/p>\n<p>K\u00e4y kurkkaamassa Valon naisten Instagram-sivut t\u00e4\u00e4lt\u00e4 http:\/\/instagram.com\/valongissat<\/p>\n<p>Valon naisten ottelut 2016-2017 kaudella<\/p>\n<p>Lauantai 25.3.2017 Vaajakosken liikuntahalli<br \/>\nklo. 11.00 Urho (Suolahti) \u2013 Valo 6-4<br \/>\nklo. 14.00 Valo \u2013 MultiAnts (Multia) 3-4<\/p>\n<p>Lauantai 18.2.2017 Uuraisten koulukeskus<br \/>\nklo. 11.00 Valo \u2013 Urho (Suolahti) 2-2<br \/>\nklo. 14.00 Lepp\u00e4 (Laukaa) \u2013 Valo 2-4<\/p>\n<p>Lauantai 14.1.2017 M\u00e4ntykallion koulu, J\u00e4ms\u00e4nkoski<br \/>\nklo. 14.00 Valo \u2013 Kisa (Lievestuore) 1-5<br \/>\nklo. 16.00 O2-JKL IV \u2013 Valo 1-4<\/p>\n<p>Lauantaina 10.12.2016 Laurinkyl\u00e4n liikuntahalli, Lievestuore<br \/>\nklo. 11.00 Valo \u2013 Lepp\u00e4 (Laukaa) 4-4<br \/>\nklo. 13.00 Kikka-74 (J\u00e4ms\u00e4) \u2013 Valo 7-2<\/p>\n<p>Lauantaina 19.11.2016 M\u00e4nt\u00e4n koulukeskus, M\u00e4ntt\u00e4<br \/>\nklo. 15.00 KuuMat (Uurainen) \u2013 Valo 2-7<br \/>\nklo. 17.00 Valo \u2013 MultiAnts (Multia) 1-13<\/p>\n<p>Lauantaina 29.10.2016 Killeri, Jyv\u00e4skyl\u00e4 (Valon j\u00e4rjest\u00e4m\u00e4 turnaus)<br \/>\nklo. 10.00 Valo \u2013 Kikka-74 (J\u00e4ms\u00e4) 1-5<br \/>\nklo. 17.00 O2-JKL IV \u2013 Valo 1-4<\/p>\n<p>Lauantaina 8.10.2016 Uuraisten koulukeskus<br \/>\nklo. 15.00 Valo \u2013 Kisa (Lievestuore) 1-3<br \/>\nklo. 17.00 KuuMat (Uurainen) \u2013 Valo 5-1<\/p>\n<p>Lauantai 18.2.2017 Uuraisten koulukeskus<br \/>\nklo. 11.00 Valo \u2013 Urho (Suolahti) 2-2<br \/>\nklo. 14.00 Lepp\u00e4 (Laukaa) \u2013 Valo 2-4<\/p>\n<p>Lauantai 25.3.2017 Vaajakosken liikuntahalli<br \/>\nklo. 11.00 Urho (Suolahti) \u2013 Valo 6-4<br \/>\nklo. 14.00 Valo \u2013 MultiAnts (Multia) 3-4<\/p>\n<p>Pelien tulokset ja tilastot l\u00f6yd\u00e4t <a href=\"http:\/\/salibandy.fi\/tulokset\/#\/sarja\/naisten-4-divisioona-ss-n4d-08\/1537?id=18162&amp;name=Valo\">t\u00e4\u00e4lt\u00e4<\/a><\/p>\n","protected":false},"excerpt":{"rendered":"<p>Kaudella 2016-2017 Valon naiset osallistuivat ensimm\u00e4ist\u00e4 kertaa seuran historiassa salibandyliiton alaiseen sarjaan ja pelasivat otteluja naisten 4.divarin Sis\u00e4-Suomen lohkossa. Joukkueessa oli mukana n. 20 lisenssipelaajaa ja nelj\u00e4 reenaria, joten reeneiss\u00e4 riitti v\u00e4ke\u00e4 jopa niin paljon, ett\u00e4 sali alkoi tuntua pienelt\u00e4. Valon naiset sijoittuivat 4.divarin Sis\u00e4-Suomen lohkossa sijalle 6, kun joukkueita oli mukana kahdeksan. Suoritus oli<\/p>\n<p><a class=\"read-more\" href=\"http:\/\/www.jyvaskylanvalo.net\/?page_id=916\"> Lue lis&auml;&auml;<\/a><\/p>\n","protected":false},"author":1,"featured_media":0,"parent":0,"menu_order":0,"comment_status":"closed","ping_status":"closed","template":"","meta":{"_mi_skip_tracking":false,"_exactmetrics_sitenote_active":false,"_exactmetrics_sitenote_note":"","_exactmetrics_sitenote_category":0},"_links":{"self":[{"href":"http:\/\/www.jyvaskylanvalo.net\/index.php?rest_route=\/wp\/v2\/pages\/916"}],"collection":[{"href":"http:\/\/www.jyvaskylanvalo.net\/index.php?rest_route=\/wp\/v2\/pages"}],"about":[{"href":"http:\/\/www.jyvaskylanvalo.net\/index.php?rest_route=\/wp\/v2\/types\/page"}],"author":[{"embeddable":true,"href":"http:\/\/www.jyvaskylanvalo.net\/index.php?rest_route=\/wp\/v2\/users\/1"}],"replies":[{"embeddable":true,"href":"http:\/\/www.jyvaskylanvalo.net\/index.php?rest_route=%2Fwp%2Fv2%2Fcomments&post=916"}],"version-history":[{"count":4,"href":"http:\/\/www.jyvaskylanvalo.net\/index.php?rest_route=\/wp\/v2\/pages\/916\/revisions"}],"predecessor-version":[{"id":2156,"href":"http:\/\/www.jyvaskylanvalo.net\/index.php?rest_route=\/wp\/v2\/pages\/916\/revisions\/2156"}],"wp:attachment":[{"href":"http:\/\/www.jyvaskylanvalo.net\/index.php?rest_route=%2Fwp%2Fv2%2Fmedia&parent=916"}],"curies":[{"name":"wp","href":"https:\/\/api.w.org\/{rel}","templated":true}]}}