{"id":3423,"date":"2021-04-13T13:41:37","date_gmt":"2021-04-13T10:41:37","guid":{"rendered":"http:\/\/www.jyvaskylanvalo.net\/?page_id=3423"},"modified":"2021-04-13T13:41:37","modified_gmt":"2021-04-13T10:41:37","slug":"ruokailu","status":"publish","type":"page","link":"http:\/\/www.jyvaskylanvalo.net\/?page_id=3423","title":{"rendered":"Ruokailu"},"content":{"rendered":"\n<p>Ruokailun hinta 9,00\u20ac ja siihen sis\u00e4ltyy ruoan lis\u00e4ksi my\u00f6s maito, mehu, vesi, leip\u00e4, levite, salaatti sek\u00e4 kahvi. Ruokailu j\u00e4rjestet\u00e4\u00e4n j\u00e4\u00e4hallin sis\u00e4tiloissa.<\/p>\n\n\n\n<p>Su 4.7: Savuporokiusaus L,G<\/p>\n\n\n\n<p>Ma 5.7: Makaronilaatikko L<\/p>\n\n\n\n<p>Ti 6.7: Broileria tomaattikastikkeessa\/riisi M,G<\/p>\n\n\n\n<p>Ke 7.7: Kinkkukiusaus L,G<\/p>\n\n\n\n<p>To 8.7: H\u00e4rk\u00e4pata\/kermaperuna L,G<\/p>\n\n\n\n<p>Pe 9.7: Barbequekana\/riisi M,G<\/p>\n\n\n\n<p>La 10.7: Lasagne L<\/p>\n\n\n\n<p>Mahdollisuus saada maanantaina ja lauantaina my\u00f6skin gluteeniton vaihtoehto ennakkoon allergian ilmoittaville.<\/p>\n","protected":false},"excerpt":{"rendered":"<p>Ruokailun hinta 9,00\u20ac ja siihen sis\u00e4ltyy ruoan lis\u00e4ksi my\u00f6s maito, mehu, vesi, leip\u00e4, levite, salaatti sek\u00e4 kahvi. Ruokailu j\u00e4rjestet\u00e4\u00e4n j\u00e4\u00e4hallin sis\u00e4tiloissa. Su 4.7: Savuporokiusaus L,G Ma 5.7: Makaronilaatikko L Ti 6.7: Broileria tomaattikastikkeessa\/riisi M,G Ke 7.7: Kinkkukiusaus L,G To 8.7: H\u00e4rk\u00e4pata\/kermaperuna L,G Pe 9.7: Barbequekana\/riisi M,G La 10.7: Lasagne L Mahdollisuus saada maanantaina ja lauantaina<\/p>\n<p><a class=\"read-more\" href=\"http:\/\/www.jyvaskylanvalo.net\/?page_id=3423\"> Lue lis&auml;&auml;<\/a><\/p>\n","protected":false},"author":1,"featured_media":0,"parent":0,"menu_order":0,"comment_status":"closed","ping_status":"closed","template":"","meta":{"_mi_skip_tracking":false,"_exactmetrics_sitenote_active":false,"_exactmetrics_sitenote_note":"","_exactmetrics_sitenote_category":0},"_links":{"self":[{"href":"http:\/\/www.jyvaskylanvalo.net\/index.php?rest_route=\/wp\/v2\/pages\/3423"}],"collection":[{"href":"http:\/\/www.jyvaskylanvalo.net\/index.php?rest_route=\/wp\/v2\/pages"}],"about":[{"href":"http:\/\/www.jyvaskylanvalo.net\/index.php?rest_route=\/wp\/v2\/types\/page"}],"author":[{"embeddable":true,"href":"http:\/\/www.jyvaskylanvalo.net\/index.php?rest_route=\/wp\/v2\/users\/1"}],"replies":[{"embeddable":true,"href":"http:\/\/www.jyvaskylanvalo.net\/index.php?rest_route=%2Fwp%2Fv2%2Fcomments&post=3423"}],"version-history":[{"count":1,"href":"http:\/\/www.jyvaskylanvalo.net\/index.php?rest_route=\/wp\/v2\/pages\/3423\/revisions"}],"predecessor-version":[{"id":3424,"href":"http:\/\/www.jyvaskylanvalo.net\/index.php?rest_route=\/wp\/v2\/pages\/3423\/revisions\/3424"}],"wp:attachment":[{"href":"http:\/\/www.jyvaskylanvalo.net\/index.php?rest_route=%2Fwp%2Fv2%2Fmedia&parent=3423"}],"curies":[{"name":"wp","href":"https:\/\/api.w.org\/{rel}","templated":true}]}}