{"id":2995,"date":"2019-10-27T11:08:53","date_gmt":"2019-10-27T09:08:53","guid":{"rendered":"http:\/\/www.jyvaskylanvalo.net\/?page_id=2995"},"modified":"2020-05-26T21:06:00","modified_gmt":"2020-05-26T18:06:00","slug":"kausi-2019-2020","status":"publish","type":"page","link":"http:\/\/www.jyvaskylanvalo.net\/?page_id=2995","title":{"rendered":"Kausi 2019-2020"},"content":{"rendered":"\n<p>Kauden 2018-2019 p\u00e4\u00e4tteeksi Valon s\u00e4b\u00e4gissat nousivat yht\u00e4 sarjaporrasta ylemm\u00e4ksi, joten kausi 2019-2020 pelattiin 3.divarissa. Kausi oli Valon naisten nelj\u00e4s salibandykausi ja se py\u00f6r\u00e4hti k\u00e4yntiin 20 pelaajan ja useamman reenarin voimin. Pelaajavalmentajina toimi Tiina Paananen ja Inkeri Voutilainen.<\/p>\n\n\n\n<p>Kausi p\u00e4\u00e4ttyi koronarajoitusten vuoksi suunniteltua aiemmin ja Valon sija runkosarjassa oli 7.<\/p>\n\n\n\n<p>Naisten 3.divarin Sis\u00e4-Suomen lohkoon osallistui Valon lis\u00e4ksi seuraavat joukkueet:<\/p>\n\n\n\n<p>Kalvolan Keih\u00e4s, H\u00e4meenlinna<br>O2-Jyv\u00e4skyl\u00e4 3, Jyv\u00e4skyl\u00e4<br>Liikunnan Riemu, Jyv\u00e4skyl\u00e4<br>MIG Salibandy, Tampere<br>Rientolan Setlementti, Tampere<br>Tikkakosken Pallo, Tikkakoski<br>Valkeakosken Koskenpojat, Valkeakoski<br>Yl\u00f6j\u00e4rven Pallo, Yl\u00f6j\u00e4rvi<\/p>\n\n\n\n<p><strong>Valon gissojen ottelut kaudella 2019-2020<\/strong><\/p>\n\n\n\n<p><em>Sunnuntai 6.10.2019 Yl\u00f6j\u00e4rven liikuntakeskus<br>klo 13.00 O2-Jyv\u00e4skyl\u00e4 3 &#8211; Valo <\/em><strong><em>3-6<\/em><\/strong><em><br>klo 16.00 Valo &#8211; WFT <\/em><strong><em>5-3<\/em><\/strong><\/p>\n\n\n\n<p><em>Lauantai 26.10.2019 Iittala-halli<br>klo 11.00 Valo &#8211; MIG 2 3-5<br>klo 14.00 TiPa &#8211; Valo <strong>1-2<\/strong><\/em><\/p>\n\n\n\n<p><em>Lauantai 16.11.2019 Killerin liikuntakeskus, Jyv\u00e4skyl\u00e4<br>klo 16.00 Rientola &#8211; Valo 3-2<br>klo 18.00 Valo &#8211; Riemu 2-5<\/em><\/p>\n\n\n\n<p><em>Lauantai 7.12.2019 Autocenter Areena, Tampere<br>klo 15.00 Valo &#8211; O2-Jyv\u00e4skyl\u00e4 3 1-4<br>klo 18.00 WFT &#8211; Valo 7-5<\/em><\/p>\n\n\n\n<p><em>Lauantai 4.1.2020 Killerin liikuntakeskus, Jyv\u00e4skyl\u00e4<br>klo 10.00 Valo &#8211; O2-Jyv\u00e4skyl\u00e4 3 <\/em><strong><em>5-3<\/em><\/strong><em><br>klo 14.00 Riemu &#8211; Valo 7-1<\/em><\/p>\n\n\n\n<p><em>Lauantai 25.1.2020 Killerin liikuntakeskus, Jyv\u00e4skyl\u00e4<br>klo 13.00 Valo &#8211; YPA 2-3<br>klo 16.00 KalvKe &#8211; Valo 3-1<\/em><\/p>\n\n\n\n<p><em>Lauantai 15.2.2020 Iittala-halli<br>klo 11.00 MIG 2 &#8211; Valo<strong> 0-4<\/strong><br>klo 14.00 Valo &#8211; TiPa 0-1<\/em><\/p>\n\n\n\n<p><em>Lauantai 29.2.2020 Killerin liikuntakeskus, Jyv\u00e4skyl\u00e4<br>klo 10.00 Riemu &#8211; Valo 6-2<br>klo 18.00 Valo &#8211; Rientola 2-4<\/em><\/p>\n\n\n\n<p><em>Sunnuntai 22.3.2020 Ideapark Sport, Lemp\u00e4\u00e4l\u00e4 \/Turnausta ei pelattu koronaviruksen aiheuttamien rajoitusten vuoksi.<br>klo 11.00 Valo &#8211; KalvKe<br>klo 14.00 YPA &#8211; Valo<\/em><\/p>\n\n\n\n<p>Tilastot l\u00f6yd\u00e4t <a href=\"https:\/\/salibandy.fi\/tulokset\/#\/sarja\/naisten-3-divisioona-sisa-suomi-lohko-4\/5842\">t\u00e4\u00e4lt\u00e4.<\/a> <br><\/p>\n","protected":false},"excerpt":{"rendered":"<p>Kauden 2018-2019 p\u00e4\u00e4tteeksi Valon s\u00e4b\u00e4gissat nousivat yht\u00e4 sarjaporrasta ylemm\u00e4ksi, joten kausi 2019-2020 pelattiin 3.divarissa. Kausi oli Valon naisten nelj\u00e4s salibandykausi ja se py\u00f6r\u00e4hti k\u00e4yntiin 20 pelaajan ja useamman reenarin voimin. Pelaajavalmentajina toimi Tiina Paananen ja Inkeri Voutilainen. Kausi p\u00e4\u00e4ttyi koronarajoitusten vuoksi suunniteltua aiemmin ja Valon sija runkosarjassa oli 7. Naisten 3.divarin Sis\u00e4-Suomen lohkoon osallistui Valon<\/p>\n<p><a class=\"read-more\" href=\"http:\/\/www.jyvaskylanvalo.net\/?page_id=2995\"> Lue lis&auml;&auml;<\/a><\/p>\n","protected":false},"author":1,"featured_media":0,"parent":0,"menu_order":0,"comment_status":"closed","ping_status":"closed","template":"","meta":{"_mi_skip_tracking":false,"_exactmetrics_sitenote_active":false,"_exactmetrics_sitenote_note":"","_exactmetrics_sitenote_category":0},"_links":{"self":[{"href":"http:\/\/www.jyvaskylanvalo.net\/index.php?rest_route=\/wp\/v2\/pages\/2995"}],"collection":[{"href":"http:\/\/www.jyvaskylanvalo.net\/index.php?rest_route=\/wp\/v2\/pages"}],"about":[{"href":"http:\/\/www.jyvaskylanvalo.net\/index.php?rest_route=\/wp\/v2\/types\/page"}],"author":[{"embeddable":true,"href":"http:\/\/www.jyvaskylanvalo.net\/index.php?rest_route=\/wp\/v2\/users\/1"}],"replies":[{"embeddable":true,"href":"http:\/\/www.jyvaskylanvalo.net\/index.php?rest_route=%2Fwp%2Fv2%2Fcomments&post=2995"}],"version-history":[{"count":10,"href":"http:\/\/www.jyvaskylanvalo.net\/index.php?rest_route=\/wp\/v2\/pages\/2995\/revisions"}],"predecessor-version":[{"id":3172,"href":"http:\/\/www.jyvaskylanvalo.net\/index.php?rest_route=\/wp\/v2\/pages\/2995\/revisions\/3172"}],"wp:attachment":[{"href":"http:\/\/www.jyvaskylanvalo.net\/index.php?rest_route=%2Fwp%2Fv2%2Fmedia&parent=2995"}],"curies":[{"name":"wp","href":"https:\/\/api.w.org\/{rel}","templated":true}]}}