{"id":273,"date":"2016-07-11T16:09:17","date_gmt":"2016-07-11T13:09:17","guid":{"rendered":"http:\/\/www.jyvaskylanvalo.net\/wordpress\/?page_id=273"},"modified":"2026-04-15T19:32:16","modified_gmt":"2026-04-15T16:32:16","slug":"tietoa-meista","status":"publish","type":"page","link":"http:\/\/www.jyvaskylanvalo.net\/?page_id=273","title":{"rendered":"Hallitus"},"content":{"rendered":"<p><strong>Jukka H\u00e4m\u00e4l\u00e4inen<\/strong>, puheenjohtaja<br \/>\njukka.hamalainen(at)kotiposti.net<br \/>\npuh. 0400647171<\/p>\n<p><strong>Sini Siekkinen<\/strong>, varapuheenjohtaja<br \/>\nsini_sie(at)hotmail.com<\/p>\n<p><strong>Ulla P\u00f6nk\u00e4nen-L\u00e4hteel\u00e4<\/strong>, sihteeri\/taloudenhoitaja<\/p>\n<p><strong>Suvi H\u00f6ltt\u00e4<\/strong><\/p>\n<p><strong>Mikko Koskinen<\/strong><\/p>\n<p><strong>Kimmo Harju<br \/>\n<\/strong><\/p>\n<p><strong>Antti Vallius<\/strong><\/p>\n<p><strong>Jani Frig\u00e5rd<br \/>\n<\/strong><\/p>\n<p>Varaj\u00e4senet<\/p>\n<p>Viljo Manninen<\/p>\n<p>Unto R\u00e4s\u00e4nen<\/p>\n","protected":false},"excerpt":{"rendered":"<p>Jukka H\u00e4m\u00e4l\u00e4inen, puheenjohtaja jukka.hamalainen(at)kotiposti.net puh. 0400647171 Sini Siekkinen, varapuheenjohtaja sini_sie(at)hotmail.com Ulla P\u00f6nk\u00e4nen-L\u00e4hteel\u00e4, sihteeri\/taloudenhoitaja Suvi H\u00f6ltt\u00e4 Mikko Koskinen Kimmo Harju Antti Vallius Jani Frig\u00e5rd Varaj\u00e4senet Viljo Manninen Unto R\u00e4s\u00e4nen<\/p>\n","protected":false},"author":1,"featured_media":0,"parent":0,"menu_order":0,"comment_status":"closed","ping_status":"closed","template":"","meta":{"_mi_skip_tracking":false,"_exactmetrics_sitenote_active":false,"_exactmetrics_sitenote_note":"","_exactmetrics_sitenote_category":0},"_links":{"self":[{"href":"http:\/\/www.jyvaskylanvalo.net\/index.php?rest_route=\/wp\/v2\/pages\/273"}],"collection":[{"href":"http:\/\/www.jyvaskylanvalo.net\/index.php?rest_route=\/wp\/v2\/pages"}],"about":[{"href":"http:\/\/www.jyvaskylanvalo.net\/index.php?rest_route=\/wp\/v2\/types\/page"}],"author":[{"embeddable":true,"href":"http:\/\/www.jyvaskylanvalo.net\/index.php?rest_route=\/wp\/v2\/users\/1"}],"replies":[{"embeddable":true,"href":"http:\/\/www.jyvaskylanvalo.net\/index.php?rest_route=%2Fwp%2Fv2%2Fcomments&post=273"}],"version-history":[{"count":24,"href":"http:\/\/www.jyvaskylanvalo.net\/index.php?rest_route=\/wp\/v2\/pages\/273\/revisions"}],"predecessor-version":[{"id":4124,"href":"http:\/\/www.jyvaskylanvalo.net\/index.php?rest_route=\/wp\/v2\/pages\/273\/revisions\/4124"}],"wp:attachment":[{"href":"http:\/\/www.jyvaskylanvalo.net\/index.php?rest_route=%2Fwp%2Fv2%2Fmedia&parent=273"}],"curies":[{"name":"wp","href":"https:\/\/api.w.org\/{rel}","templated":true}]}}