{"id":262,"date":"2016-07-11T15:55:28","date_gmt":"2016-07-11T12:55:28","guid":{"rendered":"http:\/\/www.jyvaskylanvalo.net\/wordpress\/?page_id=262"},"modified":"2016-08-30T19:11:39","modified_gmt":"2016-08-30T16:11:39","slug":"kotikentta","status":"publish","type":"page","link":"http:\/\/www.jyvaskylanvalo.net\/?page_id=262","title":{"rendered":"Kotikentt\u00e4"},"content":{"rendered":"<h2>Osoite<\/h2>\n<div class=\"flex-video\"><iframe src=\"https:\/\/www.google.com\/maps\/embed?pb=!1m18!1m12!1m3!1d1859.385773785129!2d25.761074016190936!3d62.22292338276304!2m3!1f0!2f0!3f0!3m2!1i1024!2i768!4f13.1!3m3!1m2!1s0x468574002898c673%3A0x29ff307b1fdab0aa!2sKekkolantie+18%2C+40520+Jyv%C3%A4skyl%C3%A4!5e0!3m2!1sfi!2sfi!4v1468242278988\"><\/iframe><\/div>\n<h2><img loading=\"lazy\" class=\"alignleft size-full wp-image-372\" src=\"http:\/\/www.jyvaskylanvalo.net\/wp-content\/uploads\/2016\/07\/P-merkki-120x120.jpg\" alt=\"P merkki-120x120\" width=\"120\" height=\"120\" \/>Yrttisuon pys\u00e4k\u00f6inti<\/h2>\n<p>Autot tulee pys\u00e4k\u00f6id\u00e4 niille varatuille parkkipaikoille (ei k\u00e4velyteiden varsille). Tikan koulun kanssa on sovittu, ett\u00e4 heid\u00e4n pys\u00e4k\u00f6intialueitaan voi k\u00e4ytt\u00e4\u00e4 pes\u00e4pallopelien aikana kouluaikojen ulkopuolella.<\/p>\n","protected":false},"excerpt":{"rendered":"<p>Osoite Yrttisuon pys\u00e4k\u00f6inti Autot tulee pys\u00e4k\u00f6id\u00e4 niille varatuille parkkipaikoille (ei k\u00e4velyteiden varsille). Tikan koulun kanssa on sovittu, ett\u00e4 heid\u00e4n pys\u00e4k\u00f6intialueitaan voi k\u00e4ytt\u00e4\u00e4 pes\u00e4pallopelien aikana kouluaikojen ulkopuolella.<\/p>\n","protected":false},"author":1,"featured_media":0,"parent":0,"menu_order":0,"comment_status":"closed","ping_status":"closed","template":"","meta":{"_mi_skip_tracking":false,"_exactmetrics_sitenote_active":false,"_exactmetrics_sitenote_note":"","_exactmetrics_sitenote_category":0},"_links":{"self":[{"href":"http:\/\/www.jyvaskylanvalo.net\/index.php?rest_route=\/wp\/v2\/pages\/262"}],"collection":[{"href":"http:\/\/www.jyvaskylanvalo.net\/index.php?rest_route=\/wp\/v2\/pages"}],"about":[{"href":"http:\/\/www.jyvaskylanvalo.net\/index.php?rest_route=\/wp\/v2\/types\/page"}],"author":[{"embeddable":true,"href":"http:\/\/www.jyvaskylanvalo.net\/index.php?rest_route=\/wp\/v2\/users\/1"}],"replies":[{"embeddable":true,"href":"http:\/\/www.jyvaskylanvalo.net\/index.php?rest_route=%2Fwp%2Fv2%2Fcomments&post=262"}],"version-history":[{"count":11,"href":"http:\/\/www.jyvaskylanvalo.net\/index.php?rest_route=\/wp\/v2\/pages\/262\/revisions"}],"predecessor-version":[{"id":543,"href":"http:\/\/www.jyvaskylanvalo.net\/index.php?rest_route=\/wp\/v2\/pages\/262\/revisions\/543"}],"wp:attachment":[{"href":"http:\/\/www.jyvaskylanvalo.net\/index.php?rest_route=%2Fwp%2Fv2%2Fmedia&parent=262"}],"curies":[{"name":"wp","href":"https:\/\/api.w.org\/{rel}","templated":true}]}}