{"id":2162,"date":"2018-08-30T23:07:12","date_gmt":"2018-08-30T20:07:12","guid":{"rendered":"http:\/\/www.jyvaskylanvalo.net\/?page_id=2162"},"modified":"2019-09-11T17:24:01","modified_gmt":"2019-09-11T14:24:01","slug":"kausi-2018-2019","status":"publish","type":"page","link":"http:\/\/www.jyvaskylanvalo.net\/?page_id=2162","title":{"rendered":"Kausi 2018-2019"},"content":{"rendered":"<p>Valon naiset l\u00e4htiv\u00e4t kolmanteen salibandykauteensa intoa puhkuen uudistuneella joukkueella. Ringiss\u00e4 oli reilut 20 pelaajaa sek\u00e4 useampi reenari ja valmentajana toimi Johanna Vikman.<\/p>\n<p>Gissat osallistuivat naisten 4.divarin Sis\u00e4-Suomen lohkoon, jossa pelasivat Valon lis\u00e4ksi seuraavat joukkueet:<\/p>\n<p>Kisa, Lievestuore<br \/>\nKuuMat, Uurainen<br \/>\nKikka-74, J\u00e4ms\u00e4nkoski<br \/>\nMuurY, Muurame<br \/>\nLepp\u00e4, Lepp\u00e4vesi<br \/>\nUrho, Suolahti<br \/>\nO2-Jyv\u00e4skyl\u00e4 IV, Jyv\u00e4skyl\u00e4<\/p>\n<p>Valon gissat nousivat kauden 2018-2019 p\u00e4\u00e4tteeksi 3.divariin.<\/p>\n<p><strong>Valon gissojen ottelut kaudella 2018-2019<br \/>\n<\/strong><\/p>\n<p>Lauantai 6.10.2018 M\u00e4ntykallion koulu, J\u00e4ms\u00e4<br \/>\nklo 12.00 Valo &#8211; KuuMat <strong>4-3<\/strong><br \/>\nklo 15.00 Kisa &#8211; Valo <strong>2-5<br \/>\n<\/strong><a href=\"http:\/\/www.jyvaskylanvalo.net\/?p=2337\">Otteluraportti<\/a><strong><br \/>\n<\/strong><\/p>\n<p>Lauantai 27.10.2018 Killeri, kentt\u00e4 2, Jyv\u00e4skyl\u00e4<br \/>\nklo 14.00 Kikka-74 &#8211; Valo 3-2<br \/>\nklo 17.00 Valo &#8211; MuuRy <strong>4-3<br \/>\n<\/strong><a href=\"http:\/\/www.jyvaskylanvalo.net\/?p=2357\">Otteluraportti<\/a><strong><br \/>\n<\/strong><\/p>\n<p>Lauantai 10.11.2018 \u00c4\u00e4nekosken lukio<br \/>\nklo 15.00 Lepp\u00e4 &#8211; Valo <strong>1-3<\/strong><br \/>\nklo 17.00 Valo &#8211; Urho 1-1<br \/>\n<a href=\"http:\/\/www.jyvaskylanvalo.net\/?p=2376\">Otteluraportti<\/a><\/p>\n<p>Sunnuntai 2.12.2018 Killeri, kentt\u00e4 2, Jyv\u00e4skyl\u00e4<br \/>\nklo 12.00 Valo &#8211; Kisa <strong>3-1<\/strong><br \/>\n<a href=\"http:\/\/www.jyvaskylanvalo.net\/?p=2387\">Otteluraportti<\/a><\/p>\n<p>Lauantai 15.12.2018 Killeri, kentt\u00e4 1, Jyv\u00e4skyl\u00e4<br \/>\nklo 10.00 Valo &#8211; O2-Jyv\u00e4skyl\u00e4 IV 1-1<br \/>\nklo 17.00 Valo &#8211; Kisa 3-6<br \/>\n<a href=\"http:\/\/www.jyvaskylanvalo.net\/?p=2470\">Otteluraportti<\/a><\/p>\n<p>Lauantai 12.1.2019 Uuraisten koulukeskus<br \/>\nklo 10.00 KuuMat &#8211; Valo<strong> 3-4<\/strong><br \/>\nklo 12.00 Valo &#8211; Kikka-74 1-3<\/p>\n<p><a href=\"http:\/\/www.jyvaskylanvalo.net\/?p=2489\">Otteluraportti<\/a><\/p>\n<p>Lauantai 2.2.2019 Kulttuurikeskus Muurame<br \/>\nklo 10.00 MuurY &#8211; Valo <strong>6-7<\/strong><br \/>\nklo 15.00 Valo &#8211; Lepp\u00e4 <strong>9-3<\/strong><\/p>\n<p><a href=\"http:\/\/www.jyvaskylanvalo.net\/?p=2494\">Otteluraportti<\/a><\/p>\n<p>Lauantai 16.2.2019 \u00c4\u00e4nekosken lukio<br \/>\nklo 15.00 O2-Jyv\u00e4skyl\u00e4 IV &#8211; Valo <strong>2-6<\/strong><br \/>\nklo 17.00 Urho &#8211; Valo <strong>3-7<\/strong><\/p>\n<p>Lauantai 2.3.2019 Syd\u00e4n-Laukaan koulu<br \/>\nklo 11.00 KuuMat &#8211; Valo <strong>4-5<\/strong><br \/>\nklo 13.00 Valo &#8211; Kikka-74 <strong>6-5<\/strong><\/p>\n<p><a href=\"http:\/\/www.jyvaskylanvalo.net\/?p=2498\">Otteluraportti<\/a><\/p>\n<p>Lauantai 16.3.2019 M\u00e4ntykallion koulu, J\u00e4ms\u00e4<br \/>\nklo 14.00 Valo &#8211; Lepp\u00e4<br \/>\nklo 17.00 MuurY &#8211; Valo<\/p>\n<p>Lauantai 30.3.2019 Killeri, kentt\u00e4 1, Jyv\u00e4skyl\u00e4<br \/>\nklo 10.00 O2-Jyv\u00e4skyl\u00e4 IV &#8211; Valo<br \/>\nklo 17.00 Urho &#8211; Valo<\/p>\n","protected":false},"excerpt":{"rendered":"<p>Valon naiset l\u00e4htiv\u00e4t kolmanteen salibandykauteensa intoa puhkuen uudistuneella joukkueella. Ringiss\u00e4 oli reilut 20 pelaajaa sek\u00e4 useampi reenari ja valmentajana toimi Johanna Vikman. Gissat osallistuivat naisten 4.divarin Sis\u00e4-Suomen lohkoon, jossa pelasivat Valon lis\u00e4ksi seuraavat joukkueet: Kisa, Lievestuore KuuMat, Uurainen Kikka-74, J\u00e4ms\u00e4nkoski MuurY, Muurame Lepp\u00e4, Lepp\u00e4vesi Urho, Suolahti O2-Jyv\u00e4skyl\u00e4 IV, Jyv\u00e4skyl\u00e4 Valon gissat nousivat kauden 2018-2019 p\u00e4\u00e4tteeksi<\/p>\n<p><a class=\"read-more\" href=\"http:\/\/www.jyvaskylanvalo.net\/?page_id=2162\"> Lue lis&auml;&auml;<\/a><\/p>\n","protected":false},"author":1,"featured_media":0,"parent":0,"menu_order":0,"comment_status":"closed","ping_status":"closed","template":"","meta":{"_mi_skip_tracking":false,"_exactmetrics_sitenote_active":false,"_exactmetrics_sitenote_note":"","_exactmetrics_sitenote_category":0},"_links":{"self":[{"href":"http:\/\/www.jyvaskylanvalo.net\/index.php?rest_route=\/wp\/v2\/pages\/2162"}],"collection":[{"href":"http:\/\/www.jyvaskylanvalo.net\/index.php?rest_route=\/wp\/v2\/pages"}],"about":[{"href":"http:\/\/www.jyvaskylanvalo.net\/index.php?rest_route=\/wp\/v2\/types\/page"}],"author":[{"embeddable":true,"href":"http:\/\/www.jyvaskylanvalo.net\/index.php?rest_route=\/wp\/v2\/users\/1"}],"replies":[{"embeddable":true,"href":"http:\/\/www.jyvaskylanvalo.net\/index.php?rest_route=%2Fwp%2Fv2%2Fcomments&post=2162"}],"version-history":[{"count":21,"href":"http:\/\/www.jyvaskylanvalo.net\/index.php?rest_route=\/wp\/v2\/pages\/2162\/revisions"}],"predecessor-version":[{"id":2919,"href":"http:\/\/www.jyvaskylanvalo.net\/index.php?rest_route=\/wp\/v2\/pages\/2162\/revisions\/2919"}],"wp:attachment":[{"href":"http:\/\/www.jyvaskylanvalo.net\/index.php?rest_route=%2Fwp%2Fv2%2Fmedia&parent=2162"}],"curies":[{"name":"wp","href":"https:\/\/api.w.org\/{rel}","templated":true}]}}